{"id":1095,"date":"2023-03-02T21:25:00","date_gmt":"2023-03-02T19:25:00","guid":{"rendered":"https:\/\/pitbikes.shop\/shop\/uncategorized\/granazi-kinisis-420-gia-imrmonsterpro-mprosta\/"},"modified":"2024-06-25T21:34:49","modified_gmt":"2024-06-25T18:34:49","slug":"granazi-kinisis-420-gia-imrmonsterpro-mprosta","status":"publish","type":"product","link":"https:\/\/pitbikes.shop\/es\/shop\/granazi-kinisis-420-gia-imrmonsterpro-mprosta\/","title":{"rendered":"Engranaje impulsor 420 para Imr, Monsterpro (delantero)"},"content":{"rendered":"<p>Disponibles 420 pi\u00f1ones (delanteros) para Kayo MiniGp con acero inoxidable japon\u00e9s con pintura electrost\u00e1tica y endurecimiento extra en los &quot;dientes&quot;. Seleccione los &quot;dientes&quot; que desee de la lista<\/p>","protected":false},"excerpt":{"rendered":"<p>&nbsp;<\/p>\n<p>&nbsp;<\/p>","protected":false},"featured_media":2205,"comment_status":"open","ping_status":"closed","template":"","meta":{"site-sidebar-layout":"default","site-content-layout":"default","ast-site-content-layout":"default","site-content-style":"default","site-sidebar-style":"default","ast-global-header-display":"","ast-banner-title-visibility":"","ast-main-header-display":"","ast-hfb-above-header-display":"","ast-hfb-below-header-display":"","ast-hfb-mobile-header-display":"","site-post-title":"","ast-breadcrumbs-content":"","ast-featured-img":"","footer-sml-layout":"","ast-disable-related-posts":"","theme-transparent-header-meta":"default","adv-header-id-meta":"","stick-header-meta":"default","header-above-stick-meta":"","header-main-stick-meta":"","header-below-stick-meta":"","astra-migrate-meta-layouts":"set","ast-page-background-enabled":"default","ast-page-background-meta":{"desktop":{"background-color":"var(--ast-global-color-4)","background-image":"","background-repeat":"repeat","background-position":"center center","background-size":"auto","background-attachment":"scroll","background-type":"","background-media":"","overlay-type":"","overlay-color":"","overlay-opacity":"","overlay-gradient":""},"tablet":{"background-color":"","background-image":"","background-repeat":"repeat","background-position":"center center","background-size":"auto","background-attachment":"scroll","background-type":"","background-media":"","overlay-type":"","overlay-color":"","overlay-opacity":"","overlay-gradient":""},"mobile":{"background-color":"","background-image":"","background-repeat":"repeat","background-position":"center center","background-size":"auto","background-attachment":"scroll","background-type":"","background-media":"","overlay-type":"","overlay-color":"","overlay-opacity":"","overlay-gradient":""}},"ast-content-background-meta":{"desktop":{"background-color":"var(--ast-global-color-5)","background-image":"","background-repeat":"repeat","background-position":"center center","background-size":"auto","background-attachment":"scroll","background-type":"","background-media":"","overlay-type":"","overlay-color":"","overlay-opacity":"","overlay-gradient":""},"tablet":{"background-color":"var(--ast-global-color-5)","background-image":"","background-repeat":"repeat","background-position":"center center","background-size":"auto","background-attachment":"scroll","background-type":"","background-media":"","overlay-type":"","overlay-color":"","overlay-opacity":"","overlay-gradient":""},"mobile":{"background-color":"var(--ast-global-color-5)","background-image":"","background-repeat":"repeat","background-position":"center center","background-size":"auto","background-attachment":"scroll","background-type":"","background-media":"","overlay-type":"","overlay-color":"","overlay-opacity":"","overlay-gradient":""}}},"product_brand":[],"product_cat":[102],"product_tag":[157],"class_list":{"0":"post-1095","1":"product","2":"type-product","3":"status-publish","4":"has-post-thumbnail","6":"product_cat-chains-sprockets","7":"product_tag-mayro","8":"desktop-align-center","9":"tablet-align-center","10":"mobile-align-center","11":"ast-product-gallery-layout-horizontal-slider","12":"ast-product-single-variable","13":"ast-product-tabs-layout-horizontal","15":"first","16":"instock","17":"shipping-taxable","18":"product-type-variable"},"yoast_head":"<!-- This site is optimized with the Yoast SEO Premium plugin v27.0 (Yoast SEO v27.0) - https:\/\/yoast.com\/product\/yoast-seo-premium-wordpress\/ -->\n<title>\u0393\u03c1\u03b1\u03bd\u03ac\u03b6\u03b9 \u03ba\u03af\u03bd\u03b7\u03c3\u03b7\u03c2 420 \u03b3\u03b9\u03b1 Imr, Monsterpro (\u039c\u03c0\u03c1\u03bf\u03c3\u03c4\u03ac) | Pitbikes.shop<\/title>\n<meta name=\"description\" content=\"&nbsp;  &nbsp;\" \/>\n<meta name=\"robots\" content=\"index, follow, max-snippet:-1, max-image-preview:large, max-video-preview:-1\" \/>\n<link rel=\"canonical\" href=\"https:\/\/pitbikes.shop\/es\/comercio\/granazi-kinisis-420-gia-imrmonsterpro-mprosta\/\" \/>\n<meta property=\"og:locale\" content=\"es_ES\" \/>\n<meta property=\"og:type\" content=\"article\" \/>\n<meta property=\"og:title\" content=\"\u0393\u03c1\u03b1\u03bd\u03ac\u03b6\u03b9 \u03ba\u03af\u03bd\u03b7\u03c3\u03b7\u03c2 420 \u03b3\u03b9\u03b1 Imr, Monsterpro (\u039c\u03c0\u03c1\u03bf\u03c3\u03c4\u03ac)\" \/>\n<meta property=\"og:description\" content=\"&nbsp;  &nbsp;\" \/>\n<meta property=\"og:url\" content=\"https:\/\/pitbikes.shop\/es\/comercio\/granazi-kinisis-420-gia-imrmonsterpro-mprosta\/\" \/>\n<meta property=\"og:site_name\" content=\"Pitbikes.shop\" \/>\n<meta property=\"article:publisher\" content=\"https:\/\/www.facebook.com\/pitbikes.shop\" \/>\n<meta property=\"article:modified_time\" content=\"2024-06-25T18:34:49+00:00\" \/>\n<meta property=\"og:image\" content=\"https:\/\/pitbikes.shop\/wp-content\/uploads\/2023\/03\/---IMR-Monsterpro-2-scaled.jpg\" \/>\n<meta name=\"twitter:card\" content=\"summary_large_image\" \/>\n<meta name=\"twitter:image\" content=\"https:\/\/pitbikes.shop\/wp-content\/uploads\/2022\/10\/logo.png\" \/>\n<meta name=\"twitter:label1\" content=\"Disponibilidad\" \/>\n\t<meta name=\"twitter:data1\" content=\"Disponible\" \/>\n<script type=\"application\/ld+json\" class=\"yoast-schema-graph\">{\"@context\":\"https:\/\/schema.org\",\"@graph\":[{\"@type\":\"WebPage\",\"@id\":\"https:\/\/pitbikes.shop\/shop\/granazi-kinisis-420-gia-imrmonsterpro-mprosta\/\",\"url\":\"https:\/\/pitbikes.shop\/shop\/granazi-kinisis-420-gia-imrmonsterpro-mprosta\/\",\"name\":\"\u0393\u03c1\u03b1\u03bd\u03ac\u03b6\u03b9 \u03ba\u03af\u03bd\u03b7\u03c3\u03b7\u03c2 420 \u03b3\u03b9\u03b1 Imr, Monsterpro (\u039c\u03c0\u03c1\u03bf\u03c3\u03c4\u03ac) | Pitbikes.shop\",\"isPartOf\":{\"@id\":\"https:\/\/pitbikes.shop\/en\/#website\"},\"primaryImageOfPage\":{\"@id\":\"https:\/\/pitbikes.shop\/shop\/granazi-kinisis-420-gia-imrmonsterpro-mprosta\/#primaryimage\"},\"image\":{\"@id\":\"https:\/\/pitbikes.shop\/shop\/granazi-kinisis-420-gia-imrmonsterpro-mprosta\/#primaryimage\"},\"thumbnailUrl\":\"https:\/\/pitbikes.shop\/wp-content\/uploads\/2023\/03\/\u0393\u03c1\u03b1\u03bd\u03ac\u03b6\u03b9-\u03bc\u03c0\u03c1\u03bf\u03c3\u03c4\u03ac-\u03b3\u03b9\u03b1-IMR-Monsterpro-scaled.jpg\",\"datePublished\":\"2023-03-02T19:25:00+00:00\",\"dateModified\":\"2024-06-25T18:34:49+00:00\",\"description\":\"&nbsp; &nbsp;\",\"breadcrumb\":{\"@id\":\"https:\/\/pitbikes.shop\/shop\/granazi-kinisis-420-gia-imrmonsterpro-mprosta\/#breadcrumb\"},\"inLanguage\":\"es\",\"potentialAction\":[{\"@type\":\"ReadAction\",\"target\":[\"https:\/\/pitbikes.shop\/shop\/granazi-kinisis-420-gia-imrmonsterpro-mprosta\/\"]}]},{\"@type\":\"ImageObject\",\"inLanguage\":\"es\",\"@id\":\"https:\/\/pitbikes.shop\/shop\/granazi-kinisis-420-gia-imrmonsterpro-mprosta\/#primaryimage\",\"url\":\"https:\/\/pitbikes.shop\/wp-content\/uploads\/2023\/03\/\u0393\u03c1\u03b1\u03bd\u03ac\u03b6\u03b9-\u03bc\u03c0\u03c1\u03bf\u03c3\u03c4\u03ac-\u03b3\u03b9\u03b1-IMR-Monsterpro-scaled.jpg\",\"contentUrl\":\"https:\/\/pitbikes.shop\/wp-content\/uploads\/2023\/03\/\u0393\u03c1\u03b1\u03bd\u03ac\u03b6\u03b9-\u03bc\u03c0\u03c1\u03bf\u03c3\u03c4\u03ac-\u03b3\u03b9\u03b1-IMR-Monsterpro-scaled.jpg\",\"width\":2560,\"height\":2560,\"caption\":\"#image_title\"},{\"@type\":\"BreadcrumbList\",\"@id\":\"https:\/\/pitbikes.shop\/shop\/granazi-kinisis-420-gia-imrmonsterpro-mprosta\/#breadcrumb\",\"itemListElement\":[{\"@type\":\"ListItem\",\"position\":1,\"name\":\"Home\",\"item\":\"https:\/\/pitbikes.shop\/\"},{\"@type\":\"ListItem\",\"position\":2,\"name\":\"\u0397\u03bb\u03b5\u03ba\u03c4\u03c1\u03bf\u03bd\u03b9\u03ba\u03cc \u039a\u03b1\u03c4\u03ac\u03c3\u03c4\u03b7\u03bc\u03b1\",\"item\":\"https:\/\/pitbikes.shop\/en\/shop\/\"},{\"@type\":\"ListItem\",\"position\":3,\"name\":\"\u0393\u03c1\u03b1\u03bd\u03ac\u03b6\u03b9 \u03ba\u03af\u03bd\u03b7\u03c3\u03b7\u03c2 420 \u03b3\u03b9\u03b1 Imr, Monsterpro (\u039c\u03c0\u03c1\u03bf\u03c3\u03c4\u03ac)\"}]},{\"@type\":\"WebSite\",\"@id\":\"https:\/\/pitbikes.shop\/en\/#website\",\"url\":\"https:\/\/pitbikes.shop\/en\/\",\"name\":\"Pitbikes.shop\",\"description\":\"Pit bikes spare parts\",\"publisher\":{\"@id\":\"https:\/\/pitbikes.shop\/en\/#organization\"},\"potentialAction\":[{\"@type\":\"SearchAction\",\"target\":{\"@type\":\"EntryPoint\",\"urlTemplate\":\"https:\/\/pitbikes.shop\/en\/?s={search_term_string}\"},\"query-input\":{\"@type\":\"PropertyValueSpecification\",\"valueRequired\":true,\"valueName\":\"search_term_string\"}}],\"inLanguage\":\"es\"},{\"@type\":\"Organization\",\"@id\":\"https:\/\/pitbikes.shop\/en\/#organization\",\"name\":\"Pitbikes.shop\",\"url\":\"https:\/\/pitbikes.shop\/en\/\",\"logo\":{\"@type\":\"ImageObject\",\"inLanguage\":\"es\",\"@id\":\"https:\/\/pitbikes.shop\/en\/#\/schema\/logo\/image\/\",\"url\":\"https:\/\/pitbikes.shop\/wp-content\/uploads\/2022\/10\/logo.png\",\"contentUrl\":\"https:\/\/pitbikes.shop\/wp-content\/uploads\/2022\/10\/logo.png\",\"width\":1000,\"height\":326,\"caption\":\"Pitbikes.shop\"},\"image\":{\"@id\":\"https:\/\/pitbikes.shop\/en\/#\/schema\/logo\/image\/\"},\"sameAs\":[\"https:\/\/www.facebook.com\/pitbikes.shop\",\"https:\/\/www.instagram.com\/pitbikes.shop\/\",\"https:\/\/maps.app.goo.gl\/9PDdZziiEH11rzLo9\"],\"email\":\"info@pitbikes.shop\",\"telephone\":\"21 3044 9767\"}]}<\/script>\n<meta property=\"og:availability\" content=\"instock\" \/>\n<meta property=\"product:availability\" content=\"instock\" \/>\n<meta property=\"product:retailer_item_id\" content=\"granazi-kinisis-420-gia-imrmonsterpro-mprosta\" \/>\n<meta property=\"product:condition\" content=\"new\" \/>\n<!-- \/ Yoast SEO Premium plugin. -->","yoast_head_json":{"title":"Engranaje impulsor 420 para Imr, Monsterpro (delantero) | Pitbikes.tienda","description":"&nbsp;  &nbsp;","robots":{"index":"index","follow":"follow","max-snippet":"max-snippet:-1","max-image-preview":"max-image-preview:large","max-video-preview":"max-video-preview:-1"},"canonical":"https:\/\/pitbikes.shop\/es\/comercio\/granazi-kinisis-420-gia-imrmonsterpro-mprosta\/","og_locale":"es_ES","og_type":"article","og_title":"\u0393\u03c1\u03b1\u03bd\u03ac\u03b6\u03b9 \u03ba\u03af\u03bd\u03b7\u03c3\u03b7\u03c2 420 \u03b3\u03b9\u03b1 Imr, Monsterpro (\u039c\u03c0\u03c1\u03bf\u03c3\u03c4\u03ac)","og_description":"&nbsp;  &nbsp;","og_url":"https:\/\/pitbikes.shop\/es\/comercio\/granazi-kinisis-420-gia-imrmonsterpro-mprosta\/","og_site_name":"Pitbikes.shop","article_publisher":"https:\/\/www.facebook.com\/pitbikes.shop","article_modified_time":"2024-06-25T18:34:49+00:00","og_image":[{"url":"https:\/\/pitbikes.shop\/wp-content\/uploads\/2023\/03\/---IMR-Monsterpro-2-scaled.jpg","type":"","width":"","height":""}],"twitter_card":"summary_large_image","twitter_image":"https:\/\/pitbikes.shop\/wp-content\/uploads\/2022\/10\/logo.png","twitter_misc":{"Disponibilidad":"Disponible"},"schema":{"@context":"https:\/\/schema.org","@graph":[{"@type":"WebPage","@id":"https:\/\/pitbikes.shop\/shop\/granazi-kinisis-420-gia-imrmonsterpro-mprosta\/","url":"https:\/\/pitbikes.shop\/shop\/granazi-kinisis-420-gia-imrmonsterpro-mprosta\/","name":"Engranaje impulsor 420 para Imr, Monsterpro (delantero) | Pitbikes.tienda","isPartOf":{"@id":"https:\/\/pitbikes.shop\/en\/#website"},"primaryImageOfPage":{"@id":"https:\/\/pitbikes.shop\/shop\/granazi-kinisis-420-gia-imrmonsterpro-mprosta\/#primaryimage"},"image":{"@id":"https:\/\/pitbikes.shop\/shop\/granazi-kinisis-420-gia-imrmonsterpro-mprosta\/#primaryimage"},"thumbnailUrl":"https:\/\/pitbikes.shop\/wp-content\/uploads\/2023\/03\/\u0393\u03c1\u03b1\u03bd\u03ac\u03b6\u03b9-\u03bc\u03c0\u03c1\u03bf\u03c3\u03c4\u03ac-\u03b3\u03b9\u03b1-IMR-Monsterpro-scaled.jpg","datePublished":"2023-03-02T19:25:00+00:00","dateModified":"2024-06-25T18:34:49+00:00","description":"&nbsp; &nbsp;","breadcrumb":{"@id":"https:\/\/pitbikes.shop\/shop\/granazi-kinisis-420-gia-imrmonsterpro-mprosta\/#breadcrumb"},"inLanguage":"es","potentialAction":[{"@type":"ReadAction","target":["https:\/\/pitbikes.shop\/shop\/granazi-kinisis-420-gia-imrmonsterpro-mprosta\/"]}]},{"@type":"ImageObject","inLanguage":"es","@id":"https:\/\/pitbikes.shop\/shop\/granazi-kinisis-420-gia-imrmonsterpro-mprosta\/#primaryimage","url":"https:\/\/pitbikes.shop\/wp-content\/uploads\/2023\/03\/\u0393\u03c1\u03b1\u03bd\u03ac\u03b6\u03b9-\u03bc\u03c0\u03c1\u03bf\u03c3\u03c4\u03ac-\u03b3\u03b9\u03b1-IMR-Monsterpro-scaled.jpg","contentUrl":"https:\/\/pitbikes.shop\/wp-content\/uploads\/2023\/03\/\u0393\u03c1\u03b1\u03bd\u03ac\u03b6\u03b9-\u03bc\u03c0\u03c1\u03bf\u03c3\u03c4\u03ac-\u03b3\u03b9\u03b1-IMR-Monsterpro-scaled.jpg","width":2560,"height":2560,"caption":"#image_title"},{"@type":"BreadcrumbList","@id":"https:\/\/pitbikes.shop\/shop\/granazi-kinisis-420-gia-imrmonsterpro-mprosta\/#breadcrumb","itemListElement":[{"@type":"ListItem","position":1,"name":"Home","item":"https:\/\/pitbikes.shop\/"},{"@type":"ListItem","position":2,"name":"\u0397\u03bb\u03b5\u03ba\u03c4\u03c1\u03bf\u03bd\u03b9\u03ba\u03cc \u039a\u03b1\u03c4\u03ac\u03c3\u03c4\u03b7\u03bc\u03b1","item":"https:\/\/pitbikes.shop\/en\/shop\/"},{"@type":"ListItem","position":3,"name":"\u0393\u03c1\u03b1\u03bd\u03ac\u03b6\u03b9 \u03ba\u03af\u03bd\u03b7\u03c3\u03b7\u03c2 420 \u03b3\u03b9\u03b1 Imr, Monsterpro (\u039c\u03c0\u03c1\u03bf\u03c3\u03c4\u03ac)"}]},{"@type":"WebSite","@id":"https:\/\/pitbikes.shop\/en\/#website","url":"https:\/\/pitbikes.shop\/en\/","name":"Pitbikes.tienda","description":"repuestos para pitbikes","publisher":{"@id":"https:\/\/pitbikes.shop\/en\/#organization"},"potentialAction":[{"@type":"SearchAction","target":{"@type":"EntryPoint","urlTemplate":"https:\/\/pitbikes.shop\/en\/?s={search_term_string}"},"query-input":{"@type":"PropertyValueSpecification","valueRequired":true,"valueName":"search_term_string"}}],"inLanguage":"es"},{"@type":"Organization","@id":"https:\/\/pitbikes.shop\/en\/#organization","name":"Pitbikes.tienda","url":"https:\/\/pitbikes.shop\/en\/","logo":{"@type":"ImageObject","inLanguage":"es","@id":"https:\/\/pitbikes.shop\/en\/#\/schema\/logo\/image\/","url":"https:\/\/pitbikes.shop\/wp-content\/uploads\/2022\/10\/logo.png","contentUrl":"https:\/\/pitbikes.shop\/wp-content\/uploads\/2022\/10\/logo.png","width":1000,"height":326,"caption":"Pitbikes.shop"},"image":{"@id":"https:\/\/pitbikes.shop\/en\/#\/schema\/logo\/image\/"},"sameAs":["https:\/\/www.facebook.com\/pitbikes.shop","https:\/\/www.instagram.com\/pitbikes.shop\/","https:\/\/maps.app.goo.gl\/9PDdZziiEH11rzLo9"],"email":"info@pitbikes.shop","telephone":"21 3044 9767"}]},"og_availability":"instock","product_availability":"instock","product_retailer_item_id":"granazi-kinisis-420-gia-imrmonsterpro-mprosta","product_condition":"new"},"_links":{"self":[{"href":"https:\/\/pitbikes.shop\/es\/wp-json\/wp\/v2\/product\/1095","targetHints":{"allow":["GET"]}}],"collection":[{"href":"https:\/\/pitbikes.shop\/es\/wp-json\/wp\/v2\/product"}],"about":[{"href":"https:\/\/pitbikes.shop\/es\/wp-json\/wp\/v2\/types\/product"}],"replies":[{"embeddable":true,"href":"https:\/\/pitbikes.shop\/es\/wp-json\/wp\/v2\/comments?post=1095"}],"wp:featuredmedia":[{"embeddable":true,"href":"https:\/\/pitbikes.shop\/es\/wp-json\/wp\/v2\/media\/2205"}],"wp:attachment":[{"href":"https:\/\/pitbikes.shop\/es\/wp-json\/wp\/v2\/media?parent=1095"}],"wp:term":[{"taxonomy":"product_brand","embeddable":true,"href":"https:\/\/pitbikes.shop\/es\/wp-json\/wp\/v2\/product_brand?post=1095"},{"taxonomy":"product_cat","embeddable":true,"href":"https:\/\/pitbikes.shop\/es\/wp-json\/wp\/v2\/product_cat?post=1095"},{"taxonomy":"product_tag","embeddable":true,"href":"https:\/\/pitbikes.shop\/es\/wp-json\/wp\/v2\/product_tag?post=1095"}],"curies":[{"name":"gracias","href":"https:\/\/api.w.org\/{rel}","templated":true}]}}