{"id":1854,"date":"2023-07-27T00:14:09","date_gmt":"2023-07-26T21:14:09","guid":{"rendered":"https:\/\/pitbikes.shop\/shop\/anartisi-yss-gia-ycf-150-190\/"},"modified":"2024-06-25T21:53:48","modified_gmt":"2024-06-25T18:53:48","slug":"anartisi-yss-gia-ycf-150190","status":"publish","type":"product","link":"https:\/\/pitbikes.shop\/es\/shop\/anartisi-yss-gia-ycf-150-190\/","title":{"rendered":"Amortiguador yss para YCF 150\/190"},"content":{"rendered":"<p>.Posibilidad de elegir muelle seg\u00fan el peso de cada piloto. La mejor elecci\u00f3n que alguien puede hacer para mejorar su Pitbike al m\u00e1ximo. Regulaci\u00f3n de altura, regulaci\u00f3n de rebote y precarga de muelle. Longitud de suspensi\u00f3n 310 mm +10 mm<\/p>","protected":false},"excerpt":{"rendered":"<p>.Posibilidad de elegir muelle seg\u00fan el peso de cada piloto. La mejor elecci\u00f3n que alguien puede hacer para mejorar su Pitbike al m\u00e1ximo. Regulaci\u00f3n de altura, regulaci\u00f3n de rebote y precarga de muelle. Longitud de suspensi\u00f3n 310 mm +10 mm<\/p>","protected":false},"featured_media":2585,"comment_status":"open","ping_status":"closed","template":"","meta":{"site-sidebar-layout":"default","site-content-layout":"default","ast-site-content-layout":"default","site-content-style":"default","site-sidebar-style":"default","ast-global-header-display":"","ast-banner-title-visibility":"","ast-main-header-display":"","ast-hfb-above-header-display":"","ast-hfb-below-header-display":"","ast-hfb-mobile-header-display":"","site-post-title":"","ast-breadcrumbs-content":"","ast-featured-img":"","footer-sml-layout":"","ast-disable-related-posts":"","theme-transparent-header-meta":"default","adv-header-id-meta":"","stick-header-meta":"default","header-above-stick-meta":"","header-main-stick-meta":"","header-below-stick-meta":"","astra-migrate-meta-layouts":"set","ast-page-background-enabled":"default","ast-page-background-meta":{"desktop":{"background-color":"var(--ast-global-color-4)","background-image":"","background-repeat":"repeat","background-position":"center center","background-size":"auto","background-attachment":"scroll","background-type":"","background-media":"","overlay-type":"","overlay-color":"","overlay-opacity":"","overlay-gradient":""},"tablet":{"background-color":"","background-image":"","background-repeat":"repeat","background-position":"center center","background-size":"auto","background-attachment":"scroll","background-type":"","background-media":"","overlay-type":"","overlay-color":"","overlay-opacity":"","overlay-gradient":""},"mobile":{"background-color":"","background-image":"","background-repeat":"repeat","background-position":"center center","background-size":"auto","background-attachment":"scroll","background-type":"","background-media":"","overlay-type":"","overlay-color":"","overlay-opacity":"","overlay-gradient":""}},"ast-content-background-meta":{"desktop":{"background-color":"var(--ast-global-color-5)","background-image":"","background-repeat":"repeat","background-position":"center center","background-size":"auto","background-attachment":"scroll","background-type":"","background-media":"","overlay-type":"","overlay-color":"","overlay-opacity":"","overlay-gradient":""},"tablet":{"background-color":"var(--ast-global-color-5)","background-image":"","background-repeat":"repeat","background-position":"center center","background-size":"auto","background-attachment":"scroll","background-type":"","background-media":"","overlay-type":"","overlay-color":"","overlay-opacity":"","overlay-gradient":""},"mobile":{"background-color":"var(--ast-global-color-5)","background-image":"","background-repeat":"repeat","background-position":"center center","background-size":"auto","background-attachment":"scroll","background-type":"","background-media":"","overlay-type":"","overlay-color":"","overlay-opacity":"","overlay-gradient":""}}},"product_brand":[],"product_cat":[174],"product_tag":[195],"class_list":{"0":"post-1854","1":"product","2":"type-product","3":"status-publish","4":"has-post-thumbnail","6":"product_cat-suspensions-rear-shocks","7":"product_tag-kokkino-mayro","8":"desktop-align-center","9":"tablet-align-center","10":"mobile-align-center","11":"ast-product-gallery-layout-horizontal-slider","12":"ast-product-tabs-layout-horizontal","14":"first","15":"instock","16":"shipping-taxable","17":"product-type-simple"},"yoast_head":"<!-- This site is optimized with the Yoast SEO Premium plugin v27.0 (Yoast SEO v27.0) - https:\/\/yoast.com\/product\/yoast-seo-premium-wordpress\/ -->\n<title>\u0391\u03bc\u03bf\u03c1\u03c4\u03b9\u03c3\u03ad\u03c1 Yss \u03b3\u03b9\u03b1 YCF 150\/190 | Pitbikes.shop<\/title>\n<meta name=\"description\" content=\".\u0394\u03c5\u03bd\u03b1\u03c4\u03cc\u03c4\u03b7\u03c4\u03b1 \u03b5\u03c0\u03b9\u03bb\u03bf\u03b3\u03ae\u03c2 \u03b5\u03bb\u03b1\u03c4\u03b7\u03c1\u03af\u03bf\u03c5 \u03c3\u03cd\u03bc\u03c6\u03c9\u03bd\u03b1 \u03bc\u03b5 \u03c4\u03b1 \u03ba\u03b9\u03bb\u03ac \u03c4\u03bf\u03c5 \u03ba\u03ac\u03b8\u03b5 \u03b1\u03bd\u03b1\u03b2\u03ac\u03c4\u03b7.\u0397 \u03ba\u03b1\u03bb\u03cd\u03c4\u03b5\u03c1\u03b7 \u03b5\u03c0\u03b9\u03bb\u03bf\u03b3\u03ae \u03c0\u03bf\u03c5 \u03bc\u03c0\u03bf\u03c1\u03b5\u03af \u03bd\u03b1 \u03ba\u03ac\u03bd\u03b5\u03b9 \u03ba\u03ac\u03c0\u03bf\u03b9\u03bf\u03c2 \u03b3\u03b9\u03b1 \u03bd\u03b1 \u03b2\u03b5\u03bb\u03c4\u03b9\u03ce\u03c3\u03b5\u03b9 \u03c3\u03c4\u03bf \u03bc\u03ad\u03b3\u03b9\u03c3\u03c4\u03bf \u03c4\u03bf Pitbike\" \/>\n<meta name=\"robots\" content=\"index, follow, max-snippet:-1, max-image-preview:large, max-video-preview:-1\" \/>\n<link rel=\"canonical\" href=\"https:\/\/pitbikes.shop\/es\/comercio\/anartisi-yss-gia-ycf-150190\/\" \/>\n<meta property=\"og:locale\" content=\"es_ES\" \/>\n<meta property=\"og:type\" content=\"article\" \/>\n<meta property=\"og:title\" content=\"\u0391\u03bc\u03bf\u03c1\u03c4\u03b9\u03c3\u03ad\u03c1 Yss \u03b3\u03b9\u03b1 YCF 150\/190\" \/>\n<meta property=\"og:description\" content=\".\u0394\u03c5\u03bd\u03b1\u03c4\u03cc\u03c4\u03b7\u03c4\u03b1 \u03b5\u03c0\u03b9\u03bb\u03bf\u03b3\u03ae\u03c2 \u03b5\u03bb\u03b1\u03c4\u03b7\u03c1\u03af\u03bf\u03c5 \u03c3\u03cd\u03bc\u03c6\u03c9\u03bd\u03b1 \u03bc\u03b5 \u03c4\u03b1 \u03ba\u03b9\u03bb\u03ac \u03c4\u03bf\u03c5 \u03ba\u03ac\u03b8\u03b5 \u03b1\u03bd\u03b1\u03b2\u03ac\u03c4\u03b7.\u0397 \u03ba\u03b1\u03bb\u03cd\u03c4\u03b5\u03c1\u03b7 \u03b5\u03c0\u03b9\u03bb\u03bf\u03b3\u03ae \u03c0\u03bf\u03c5 \u03bc\u03c0\u03bf\u03c1\u03b5\u03af \u03bd\u03b1 \u03ba\u03ac\u03bd\u03b5\u03b9 \u03ba\u03ac\u03c0\u03bf\u03b9\u03bf\u03c2 \u03b3\u03b9\u03b1 \u03bd\u03b1 \u03b2\u03b5\u03bb\u03c4\u03b9\u03ce\u03c3\u03b5\u03b9 \u03c3\u03c4\u03bf \u03bc\u03ad\u03b3\u03b9\u03c3\u03c4\u03bf \u03c4\u03bf Pitbike\" \/>\n<meta property=\"og:url\" content=\"https:\/\/pitbikes.shop\/es\/comercio\/anartisi-yss-gia-ycf-150190\/\" \/>\n<meta property=\"og:site_name\" content=\"Pitbikes.shop\" \/>\n<meta property=\"article:publisher\" content=\"https:\/\/www.facebook.com\/pitbikes.shop\" \/>\n<meta property=\"article:modified_time\" content=\"2024-06-25T18:53:48+00:00\" \/>\n<meta property=\"og:image\" content=\"https:\/\/pitbikes.shop\/wp-content\/uploads\/2023\/07\/Yss-\u0391\u03bd\u03ac\u03c1\u03c4\u03b7\u03c3\u03b7-\u03a0\u03af\u03c3\u03c9-Ycf-150_190-2-scaled-1.jpg\" \/>\n\t<meta property=\"og:image:width\" content=\"1920\" \/>\n\t<meta property=\"og:image:height\" content=\"1953\" \/>\n\t<meta property=\"og:image:type\" content=\"image\/jpeg\" \/>\n<meta name=\"twitter:card\" content=\"summary_large_image\" \/>\n<meta name=\"twitter:label1\" content=\"Precio\" \/>\n\t<meta name=\"twitter:data1\" content=\"\" \/>\n\t<meta name=\"twitter:label2\" content=\"Disponibilidad\" \/>\n\t<meta name=\"twitter:data2\" content=\"Disponible\" \/>\n<script type=\"application\/ld+json\" class=\"yoast-schema-graph\">{\"@context\":\"https:\/\/schema.org\",\"@graph\":[{\"@type\":\"WebPage\",\"@id\":\"https:\/\/pitbikes.shop\/shop\/anartisi-yss-gia-ycf-150-190\/\",\"url\":\"https:\/\/pitbikes.shop\/shop\/anartisi-yss-gia-ycf-150-190\/\",\"name\":\"\u0391\u03bc\u03bf\u03c1\u03c4\u03b9\u03c3\u03ad\u03c1 Yss \u03b3\u03b9\u03b1 YCF 150\/190 | Pitbikes.shop\",\"isPartOf\":{\"@id\":\"https:\/\/pitbikes.shop\/en\/#website\"},\"primaryImageOfPage\":{\"@id\":\"https:\/\/pitbikes.shop\/shop\/anartisi-yss-gia-ycf-150-190\/#primaryimage\"},\"image\":{\"@id\":\"https:\/\/pitbikes.shop\/shop\/anartisi-yss-gia-ycf-150-190\/#primaryimage\"},\"thumbnailUrl\":\"https:\/\/pitbikes.shop\/wp-content\/uploads\/2023\/07\/Yss-\u0391\u03bd\u03ac\u03c1\u03c4\u03b7\u03c3\u03b7-\u03a0\u03af\u03c3\u03c9-Ycf-150_190-2-scaled-1.jpg\",\"datePublished\":\"2023-07-26T21:14:09+00:00\",\"dateModified\":\"2024-06-25T18:53:48+00:00\",\"description\":\".\u0394\u03c5\u03bd\u03b1\u03c4\u03cc\u03c4\u03b7\u03c4\u03b1 \u03b5\u03c0\u03b9\u03bb\u03bf\u03b3\u03ae\u03c2 \u03b5\u03bb\u03b1\u03c4\u03b7\u03c1\u03af\u03bf\u03c5 \u03c3\u03cd\u03bc\u03c6\u03c9\u03bd\u03b1 \u03bc\u03b5 \u03c4\u03b1 \u03ba\u03b9\u03bb\u03ac \u03c4\u03bf\u03c5 \u03ba\u03ac\u03b8\u03b5 \u03b1\u03bd\u03b1\u03b2\u03ac\u03c4\u03b7.\u0397 \u03ba\u03b1\u03bb\u03cd\u03c4\u03b5\u03c1\u03b7 \u03b5\u03c0\u03b9\u03bb\u03bf\u03b3\u03ae \u03c0\u03bf\u03c5 \u03bc\u03c0\u03bf\u03c1\u03b5\u03af \u03bd\u03b1 \u03ba\u03ac\u03bd\u03b5\u03b9 \u03ba\u03ac\u03c0\u03bf\u03b9\u03bf\u03c2 \u03b3\u03b9\u03b1 \u03bd\u03b1 \u03b2\u03b5\u03bb\u03c4\u03b9\u03ce\u03c3\u03b5\u03b9 \u03c3\u03c4\u03bf \u03bc\u03ad\u03b3\u03b9\u03c3\u03c4\u03bf \u03c4\u03bf Pitbike\",\"breadcrumb\":{\"@id\":\"https:\/\/pitbikes.shop\/shop\/anartisi-yss-gia-ycf-150-190\/#breadcrumb\"},\"inLanguage\":\"es\",\"potentialAction\":[{\"@type\":\"ReadAction\",\"target\":[\"https:\/\/pitbikes.shop\/shop\/anartisi-yss-gia-ycf-150-190\/\"]}]},{\"@type\":\"ImageObject\",\"inLanguage\":\"es\",\"@id\":\"https:\/\/pitbikes.shop\/shop\/anartisi-yss-gia-ycf-150-190\/#primaryimage\",\"url\":\"https:\/\/pitbikes.shop\/wp-content\/uploads\/2023\/07\/Yss-\u0391\u03bd\u03ac\u03c1\u03c4\u03b7\u03c3\u03b7-\u03a0\u03af\u03c3\u03c9-Ycf-150_190-2-scaled-1.jpg\",\"contentUrl\":\"https:\/\/pitbikes.shop\/wp-content\/uploads\/2023\/07\/Yss-\u0391\u03bd\u03ac\u03c1\u03c4\u03b7\u03c3\u03b7-\u03a0\u03af\u03c3\u03c9-Ycf-150_190-2-scaled-1.jpg\",\"width\":1920,\"height\":1953,\"caption\":\"#image_title\"},{\"@type\":\"BreadcrumbList\",\"@id\":\"https:\/\/pitbikes.shop\/shop\/anartisi-yss-gia-ycf-150-190\/#breadcrumb\",\"itemListElement\":[{\"@type\":\"ListItem\",\"position\":1,\"name\":\"Home\",\"item\":\"https:\/\/pitbikes.shop\/\"},{\"@type\":\"ListItem\",\"position\":2,\"name\":\"\u0397\u03bb\u03b5\u03ba\u03c4\u03c1\u03bf\u03bd\u03b9\u03ba\u03cc \u039a\u03b1\u03c4\u03ac\u03c3\u03c4\u03b7\u03bc\u03b1\",\"item\":\"https:\/\/pitbikes.shop\/en\/shop\/\"},{\"@type\":\"ListItem\",\"position\":3,\"name\":\"\u0391\u03bc\u03bf\u03c1\u03c4\u03b9\u03c3\u03ad\u03c1 Yss \u03b3\u03b9\u03b1 YCF 150\/190\"}]},{\"@type\":\"WebSite\",\"@id\":\"https:\/\/pitbikes.shop\/en\/#website\",\"url\":\"https:\/\/pitbikes.shop\/en\/\",\"name\":\"Pitbikes.shop\",\"description\":\"Pit bikes spare parts\",\"publisher\":{\"@id\":\"https:\/\/pitbikes.shop\/en\/#organization\"},\"potentialAction\":[{\"@type\":\"SearchAction\",\"target\":{\"@type\":\"EntryPoint\",\"urlTemplate\":\"https:\/\/pitbikes.shop\/en\/?s={search_term_string}\"},\"query-input\":{\"@type\":\"PropertyValueSpecification\",\"valueRequired\":true,\"valueName\":\"search_term_string\"}}],\"inLanguage\":\"es\"},{\"@type\":\"Organization\",\"@id\":\"https:\/\/pitbikes.shop\/en\/#organization\",\"name\":\"Pitbikes.shop\",\"url\":\"https:\/\/pitbikes.shop\/en\/\",\"logo\":{\"@type\":\"ImageObject\",\"inLanguage\":\"es\",\"@id\":\"https:\/\/pitbikes.shop\/en\/#\/schema\/logo\/image\/\",\"url\":\"https:\/\/pitbikes.shop\/wp-content\/uploads\/2022\/10\/logo.png\",\"contentUrl\":\"https:\/\/pitbikes.shop\/wp-content\/uploads\/2022\/10\/logo.png\",\"width\":1000,\"height\":326,\"caption\":\"Pitbikes.shop\"},\"image\":{\"@id\":\"https:\/\/pitbikes.shop\/en\/#\/schema\/logo\/image\/\"},\"sameAs\":[\"https:\/\/www.facebook.com\/pitbikes.shop\",\"https:\/\/www.instagram.com\/pitbikes.shop\/\",\"https:\/\/maps.app.goo.gl\/9PDdZziiEH11rzLo9\"],\"email\":\"info@pitbikes.shop\",\"telephone\":\"21 3044 9767\"}]}<\/script>\n<meta property=\"product:price:currency\" content=\"EUR\" \/>\n<meta property=\"og:availability\" content=\"instock\" \/>\n<meta property=\"product:availability\" content=\"instock\" \/>\n<meta property=\"product:retailer_item_id\" content=\"anartisi-yss-gia-ycf-150-190\" \/>\n<meta property=\"product:condition\" content=\"new\" \/>\n<!-- \/ Yoast SEO Premium plugin. -->","yoast_head_json":{"title":"Amortiguador Yss para YCF 150\/190 | Pitbikes.tienda","description":".Posibilidad de elegir un muelle seg\u00fan el peso de cada piloto. La mejor elecci\u00f3n que se puede hacer para mejorar al m\u00e1ximo la Pitbike","robots":{"index":"index","follow":"follow","max-snippet":"max-snippet:-1","max-image-preview":"max-image-preview:large","max-video-preview":"max-video-preview:-1"},"canonical":"https:\/\/pitbikes.shop\/es\/comercio\/anartisi-yss-gia-ycf-150190\/","og_locale":"es_ES","og_type":"article","og_title":"\u0391\u03bc\u03bf\u03c1\u03c4\u03b9\u03c3\u03ad\u03c1 Yss \u03b3\u03b9\u03b1 YCF 150\/190","og_description":".\u0394\u03c5\u03bd\u03b1\u03c4\u03cc\u03c4\u03b7\u03c4\u03b1 \u03b5\u03c0\u03b9\u03bb\u03bf\u03b3\u03ae\u03c2 \u03b5\u03bb\u03b1\u03c4\u03b7\u03c1\u03af\u03bf\u03c5 \u03c3\u03cd\u03bc\u03c6\u03c9\u03bd\u03b1 \u03bc\u03b5 \u03c4\u03b1 \u03ba\u03b9\u03bb\u03ac \u03c4\u03bf\u03c5 \u03ba\u03ac\u03b8\u03b5 \u03b1\u03bd\u03b1\u03b2\u03ac\u03c4\u03b7.\u0397 \u03ba\u03b1\u03bb\u03cd\u03c4\u03b5\u03c1\u03b7 \u03b5\u03c0\u03b9\u03bb\u03bf\u03b3\u03ae \u03c0\u03bf\u03c5 \u03bc\u03c0\u03bf\u03c1\u03b5\u03af \u03bd\u03b1 \u03ba\u03ac\u03bd\u03b5\u03b9 \u03ba\u03ac\u03c0\u03bf\u03b9\u03bf\u03c2 \u03b3\u03b9\u03b1 \u03bd\u03b1 \u03b2\u03b5\u03bb\u03c4\u03b9\u03ce\u03c3\u03b5\u03b9 \u03c3\u03c4\u03bf \u03bc\u03ad\u03b3\u03b9\u03c3\u03c4\u03bf \u03c4\u03bf Pitbike","og_url":"https:\/\/pitbikes.shop\/es\/comercio\/anartisi-yss-gia-ycf-150190\/","og_site_name":"Pitbikes.shop","article_publisher":"https:\/\/www.facebook.com\/pitbikes.shop","article_modified_time":"2024-06-25T18:53:48+00:00","og_image":[{"width":1920,"height":1953,"url":"https:\/\/pitbikes.shop\/wp-content\/uploads\/2023\/07\/Yss-\u0391\u03bd\u03ac\u03c1\u03c4\u03b7\u03c3\u03b7-\u03a0\u03af\u03c3\u03c9-Ycf-150_190-2-scaled-1.jpg","type":"image\/jpeg"}],"twitter_card":"summary_large_image","twitter_misc":{"Precio":"","Disponibilidad":"Disponible"},"schema":{"@context":"https:\/\/schema.org","@graph":[{"@type":"WebPage","@id":"https:\/\/pitbikes.shop\/shop\/anartisi-yss-gia-ycf-150-190\/","url":"https:\/\/pitbikes.shop\/shop\/anartisi-yss-gia-ycf-150-190\/","name":"Amortiguador Yss para YCF 150\/190 | Pitbikes.tienda","isPartOf":{"@id":"https:\/\/pitbikes.shop\/en\/#website"},"primaryImageOfPage":{"@id":"https:\/\/pitbikes.shop\/shop\/anartisi-yss-gia-ycf-150-190\/#primaryimage"},"image":{"@id":"https:\/\/pitbikes.shop\/shop\/anartisi-yss-gia-ycf-150-190\/#primaryimage"},"thumbnailUrl":"https:\/\/pitbikes.shop\/wp-content\/uploads\/2023\/07\/Yss-\u0391\u03bd\u03ac\u03c1\u03c4\u03b7\u03c3\u03b7-\u03a0\u03af\u03c3\u03c9-Ycf-150_190-2-scaled-1.jpg","datePublished":"2023-07-26T21:14:09+00:00","dateModified":"2024-06-25T18:53:48+00:00","description":".Posibilidad de elegir un muelle seg\u00fan el peso de cada piloto. La mejor elecci\u00f3n que se puede hacer para mejorar al m\u00e1ximo la Pitbike","breadcrumb":{"@id":"https:\/\/pitbikes.shop\/shop\/anartisi-yss-gia-ycf-150-190\/#breadcrumb"},"inLanguage":"es","potentialAction":[{"@type":"ReadAction","target":["https:\/\/pitbikes.shop\/shop\/anartisi-yss-gia-ycf-150-190\/"]}]},{"@type":"ImageObject","inLanguage":"es","@id":"https:\/\/pitbikes.shop\/shop\/anartisi-yss-gia-ycf-150-190\/#primaryimage","url":"https:\/\/pitbikes.shop\/wp-content\/uploads\/2023\/07\/Yss-\u0391\u03bd\u03ac\u03c1\u03c4\u03b7\u03c3\u03b7-\u03a0\u03af\u03c3\u03c9-Ycf-150_190-2-scaled-1.jpg","contentUrl":"https:\/\/pitbikes.shop\/wp-content\/uploads\/2023\/07\/Yss-\u0391\u03bd\u03ac\u03c1\u03c4\u03b7\u03c3\u03b7-\u03a0\u03af\u03c3\u03c9-Ycf-150_190-2-scaled-1.jpg","width":1920,"height":1953,"caption":"#image_title"},{"@type":"BreadcrumbList","@id":"https:\/\/pitbikes.shop\/shop\/anartisi-yss-gia-ycf-150-190\/#breadcrumb","itemListElement":[{"@type":"ListItem","position":1,"name":"Home","item":"https:\/\/pitbikes.shop\/"},{"@type":"ListItem","position":2,"name":"\u0397\u03bb\u03b5\u03ba\u03c4\u03c1\u03bf\u03bd\u03b9\u03ba\u03cc \u039a\u03b1\u03c4\u03ac\u03c3\u03c4\u03b7\u03bc\u03b1","item":"https:\/\/pitbikes.shop\/en\/shop\/"},{"@type":"ListItem","position":3,"name":"\u0391\u03bc\u03bf\u03c1\u03c4\u03b9\u03c3\u03ad\u03c1 Yss \u03b3\u03b9\u03b1 YCF 150\/190"}]},{"@type":"WebSite","@id":"https:\/\/pitbikes.shop\/en\/#website","url":"https:\/\/pitbikes.shop\/en\/","name":"Pitbikes.tienda","description":"repuestos para pitbikes","publisher":{"@id":"https:\/\/pitbikes.shop\/en\/#organization"},"potentialAction":[{"@type":"SearchAction","target":{"@type":"EntryPoint","urlTemplate":"https:\/\/pitbikes.shop\/en\/?s={search_term_string}"},"query-input":{"@type":"PropertyValueSpecification","valueRequired":true,"valueName":"search_term_string"}}],"inLanguage":"es"},{"@type":"Organization","@id":"https:\/\/pitbikes.shop\/en\/#organization","name":"Pitbikes.tienda","url":"https:\/\/pitbikes.shop\/en\/","logo":{"@type":"ImageObject","inLanguage":"es","@id":"https:\/\/pitbikes.shop\/en\/#\/schema\/logo\/image\/","url":"https:\/\/pitbikes.shop\/wp-content\/uploads\/2022\/10\/logo.png","contentUrl":"https:\/\/pitbikes.shop\/wp-content\/uploads\/2022\/10\/logo.png","width":1000,"height":326,"caption":"Pitbikes.shop"},"image":{"@id":"https:\/\/pitbikes.shop\/en\/#\/schema\/logo\/image\/"},"sameAs":["https:\/\/www.facebook.com\/pitbikes.shop","https:\/\/www.instagram.com\/pitbikes.shop\/","https:\/\/maps.app.goo.gl\/9PDdZziiEH11rzLo9"],"email":"info@pitbikes.shop","telephone":"21 3044 9767"}]},"product_price_currency":"EUR","og_availability":"instock","product_availability":"instock","product_retailer_item_id":"anartisi-yss-gia-ycf-150-190","product_condition":"new"},"_links":{"self":[{"href":"https:\/\/pitbikes.shop\/es\/wp-json\/wp\/v2\/product\/1854","targetHints":{"allow":["GET"]}}],"collection":[{"href":"https:\/\/pitbikes.shop\/es\/wp-json\/wp\/v2\/product"}],"about":[{"href":"https:\/\/pitbikes.shop\/es\/wp-json\/wp\/v2\/types\/product"}],"replies":[{"embeddable":true,"href":"https:\/\/pitbikes.shop\/es\/wp-json\/wp\/v2\/comments?post=1854"}],"wp:featuredmedia":[{"embeddable":true,"href":"https:\/\/pitbikes.shop\/es\/wp-json\/wp\/v2\/media\/2585"}],"wp:attachment":[{"href":"https:\/\/pitbikes.shop\/es\/wp-json\/wp\/v2\/media?parent=1854"}],"wp:term":[{"taxonomy":"product_brand","embeddable":true,"href":"https:\/\/pitbikes.shop\/es\/wp-json\/wp\/v2\/product_brand?post=1854"},{"taxonomy":"product_cat","embeddable":true,"href":"https:\/\/pitbikes.shop\/es\/wp-json\/wp\/v2\/product_cat?post=1854"},{"taxonomy":"product_tag","embeddable":true,"href":"https:\/\/pitbikes.shop\/es\/wp-json\/wp\/v2\/product_tag?post=1854"}],"curies":[{"name":"gracias","href":"https:\/\/api.w.org\/{rel}","templated":true}]}}