{"id":1857,"date":"2023-07-27T00:14:10","date_gmt":"2023-07-26T21:14:10","guid":{"rendered":"https:\/\/pitbikes.shop\/shop\/xfour-gantia-kid-agonistiki-seira-2023\/"},"modified":"2024-06-25T22:03:43","modified_gmt":"2024-06-25T19:03:43","slug":"xfour-gantia-kid-agonistiki-seira-2023","status":"publish","type":"product","link":"https:\/\/pitbikes.shop\/es\/shop\/xfour-gantia-kid-agonistiki-seira-2023\/","title":{"rendered":"Guantes Xfour Ni\u00f1o racing series 2023"},"content":{"rendered":"<p>Guantes de carreras para ni\u00f1os.Construcci\u00f3n de cuero de vaca,Protecci\u00f3n de carbono en todos los cierres de la palma,Refuerzo de palma de PU para un mejor agarre en el manillar,Cierre de leng\u00fceta de Velcro\u00ae y sistema de ajuste de pu\u00f1os.Mejor protecci\u00f3n de la mu\u00f1eca.Elige la talla que m\u00e1s te convenga de la lista. 20 d\u00edas desde el d\u00eda de su pedido<\/p>","protected":false},"excerpt":{"rendered":"<p>Guantes de carreras para ni\u00f1os.Construcci\u00f3n de cuero de vaca,Protecci\u00f3n de carbono en todos los cierres de la palma,Refuerzo de palma de PU para un mejor agarre en el manillar,Cierre de leng\u00fceta de Velcro\u00ae y sistema de ajuste de pu\u00f1os.Mejor protecci\u00f3n de la mu\u00f1eca.Elige la talla que m\u00e1s te convenga de la lista. 20 d\u00edas desde el d\u00eda de su pedido<\/p>","protected":false},"featured_media":1914,"comment_status":"open","ping_status":"closed","template":"","meta":{"site-sidebar-layout":"default","site-content-layout":"default","ast-site-content-layout":"default","site-content-style":"default","site-sidebar-style":"default","ast-global-header-display":"","ast-banner-title-visibility":"","ast-main-header-display":"","ast-hfb-above-header-display":"","ast-hfb-below-header-display":"","ast-hfb-mobile-header-display":"","site-post-title":"","ast-breadcrumbs-content":"","ast-featured-img":"","footer-sml-layout":"","ast-disable-related-posts":"","theme-transparent-header-meta":"default","adv-header-id-meta":"","stick-header-meta":"default","header-above-stick-meta":"","header-main-stick-meta":"","header-below-stick-meta":"","astra-migrate-meta-layouts":"set","ast-page-background-enabled":"default","ast-page-background-meta":{"desktop":{"background-color":"var(--ast-global-color-4)","background-image":"","background-repeat":"repeat","background-position":"center center","background-size":"auto","background-attachment":"scroll","background-type":"","background-media":"","overlay-type":"","overlay-color":"","overlay-opacity":"","overlay-gradient":""},"tablet":{"background-color":"","background-image":"","background-repeat":"repeat","background-position":"center center","background-size":"auto","background-attachment":"scroll","background-type":"","background-media":"","overlay-type":"","overlay-color":"","overlay-opacity":"","overlay-gradient":""},"mobile":{"background-color":"","background-image":"","background-repeat":"repeat","background-position":"center center","background-size":"auto","background-attachment":"scroll","background-type":"","background-media":"","overlay-type":"","overlay-color":"","overlay-opacity":"","overlay-gradient":""}},"ast-content-background-meta":{"desktop":{"background-color":"var(--ast-global-color-5)","background-image":"","background-repeat":"repeat","background-position":"center center","background-size":"auto","background-attachment":"scroll","background-type":"","background-media":"","overlay-type":"","overlay-color":"","overlay-opacity":"","overlay-gradient":""},"tablet":{"background-color":"var(--ast-global-color-5)","background-image":"","background-repeat":"repeat","background-position":"center center","background-size":"auto","background-attachment":"scroll","background-type":"","background-media":"","overlay-type":"","overlay-color":"","overlay-opacity":"","overlay-gradient":""},"mobile":{"background-color":"var(--ast-global-color-5)","background-image":"","background-repeat":"repeat","background-position":"center center","background-size":"auto","background-attachment":"scroll","background-type":"","background-media":"","overlay-type":"","overlay-color":"","overlay-opacity":"","overlay-gradient":""}}},"product_brand":[],"product_cat":[198],"product_tag":[200],"class_list":{"0":"post-1857","1":"product","2":"type-product","3":"status-publish","4":"has-post-thumbnail","6":"product_cat-dermatina-gantia","7":"product_tag-portokali-floyo-kitrino","8":"desktop-align-center","9":"tablet-align-center","10":"mobile-align-center","11":"ast-product-gallery-layout-horizontal-slider","12":"ast-product-single-variable","13":"ast-product-tabs-layout-horizontal","15":"first","16":"onbackorder","17":"shipping-taxable","18":"product-type-variable"},"yoast_head":"<!-- This site is optimized with the Yoast SEO Premium plugin v27.0 (Yoast SEO v27.0) - https:\/\/yoast.com\/product\/yoast-seo-premium-wordpress\/ -->\n<title>Xfour \u0393\u03ac\u03bd\u03c4\u03b9\u03b1 Kid \u03b1\u03b3\u03c9\u03bd\u03b9\u03c3\u03c4\u03b9\u03ba\u03ae \u03c3\u03b5\u03b9\u03c1\u03ac 2023 | Pitbikes.shop<\/title>\n<meta name=\"description\" content=\"\u03a0\u03b1\u03b9\u03b4\u03b9\u03ba\u03ac \u03b1\u03b3\u03c9\u03bd\u03b9\u03c3\u03c4\u03b9\u03ba\u03ac \u0393\u03ac\u03bd\u03c4\u03b9\u03b1.\u039a\u03b1\u03c4\u03b1\u03c3\u03ba\u03b5\u03c5\u03ae \u03b1\u03c0\u03cc \u03b4\u03ad\u03c1\u03bc\u03b1 \u03b1\u03b3\u03b5\u03bb\u03ac\u03b4\u03b1\u03c2,\u03a0\u03c1\u03bf\u03c3\u03c4\u03b1\u03c3\u03af\u03b1 \u03b1\u03c0\u03cc Carbon \u03c3\u03b5 \u03cc\u03bb\u03b5\u03c2 \u03c4\u03b9\u03c2 \u03ba\u03bb\u03b5\u03b9\u03b4\u03ce\u03c3\u03b5\u03b9\u03c2 \u03c4\u03b7\u03c2 \u03c0\u03b1\u03bb\u03ac\u03bc\u03b7\u03c2,\u0395\u03bd\u03af\u03c3\u03c7\u03c5\u03c3\u03b7 \u03c0\u03b1\u03bb\u03ac\u03bc\u03b7\u03c2 PU \u03b3\u03b9\u03b1 \u03ba\u03b1\u03bb\u03cd\u03c4\u03b5\u03c1\u03bf \u03ba\u03c1\u03ac\u03c4\u03b7\u03bc\u03b1\" \/>\n<meta name=\"robots\" content=\"index, follow, max-snippet:-1, max-image-preview:large, max-video-preview:-1\" \/>\n<link rel=\"canonical\" href=\"https:\/\/pitbikes.shop\/es\/comercio\/xfour-gantia-kid-agonistiki-seira-2023\/\" \/>\n<meta property=\"og:locale\" content=\"es_ES\" \/>\n<meta property=\"og:type\" content=\"article\" \/>\n<meta property=\"og:title\" content=\"Xfour \u0393\u03ac\u03bd\u03c4\u03b9\u03b1 Kid \u03b1\u03b3\u03c9\u03bd\u03b9\u03c3\u03c4\u03b9\u03ba\u03ae \u03c3\u03b5\u03b9\u03c1\u03ac 2023\" \/>\n<meta property=\"og:description\" content=\"\u03a0\u03b1\u03b9\u03b4\u03b9\u03ba\u03ac \u03b1\u03b3\u03c9\u03bd\u03b9\u03c3\u03c4\u03b9\u03ba\u03ac \u0393\u03ac\u03bd\u03c4\u03b9\u03b1.\u039a\u03b1\u03c4\u03b1\u03c3\u03ba\u03b5\u03c5\u03ae \u03b1\u03c0\u03cc \u03b4\u03ad\u03c1\u03bc\u03b1 \u03b1\u03b3\u03b5\u03bb\u03ac\u03b4\u03b1\u03c2,\u03a0\u03c1\u03bf\u03c3\u03c4\u03b1\u03c3\u03af\u03b1 \u03b1\u03c0\u03cc Carbon \u03c3\u03b5 \u03cc\u03bb\u03b5\u03c2 \u03c4\u03b9\u03c2 \u03ba\u03bb\u03b5\u03b9\u03b4\u03ce\u03c3\u03b5\u03b9\u03c2 \u03c4\u03b7\u03c2 \u03c0\u03b1\u03bb\u03ac\u03bc\u03b7\u03c2,\u0395\u03bd\u03af\u03c3\u03c7\u03c5\u03c3\u03b7 \u03c0\u03b1\u03bb\u03ac\u03bc\u03b7\u03c2 PU \u03b3\u03b9\u03b1 \u03ba\u03b1\u03bb\u03cd\u03c4\u03b5\u03c1\u03bf \u03ba\u03c1\u03ac\u03c4\u03b7\u03bc\u03b1\" \/>\n<meta property=\"og:url\" content=\"https:\/\/pitbikes.shop\/es\/comercio\/xfour-gantia-kid-agonistiki-seira-2023\/\" \/>\n<meta property=\"og:site_name\" content=\"Pitbikes.shop\" \/>\n<meta property=\"article:publisher\" content=\"https:\/\/www.facebook.com\/pitbikes.shop\" \/>\n<meta property=\"article:modified_time\" content=\"2024-06-25T19:03:43+00:00\" \/>\n<meta property=\"og:image\" content=\"https:\/\/pitbikes.shop\/wp-content\/uploads\/2023\/07\/ASPHALT-GLOVES-FOR-KIDS-XFOUR-ORANGE-AND-FLUOR-YELLOW-2023.jpg\" \/>\n\t<meta property=\"og:image:width\" content=\"800\" \/>\n\t<meta property=\"og:image:height\" content=\"800\" \/>\n\t<meta property=\"og:image:type\" content=\"image\/jpeg\" \/>\n<meta name=\"twitter:card\" content=\"summary_large_image\" \/>\n<meta name=\"twitter:label1\" content=\"Disponibilidad\" \/>\n\t<meta name=\"twitter:data1\" content=\"Disponible para reservar\" \/>\n<script type=\"application\/ld+json\" class=\"yoast-schema-graph\">{\"@context\":\"https:\/\/schema.org\",\"@graph\":[{\"@type\":\"WebPage\",\"@id\":\"https:\/\/pitbikes.shop\/shop\/xfour-gantia-kid-agonistiki-seira-2023\/\",\"url\":\"https:\/\/pitbikes.shop\/shop\/xfour-gantia-kid-agonistiki-seira-2023\/\",\"name\":\"Xfour \u0393\u03ac\u03bd\u03c4\u03b9\u03b1 Kid \u03b1\u03b3\u03c9\u03bd\u03b9\u03c3\u03c4\u03b9\u03ba\u03ae \u03c3\u03b5\u03b9\u03c1\u03ac 2023 | Pitbikes.shop\",\"isPartOf\":{\"@id\":\"https:\/\/pitbikes.shop\/en\/#website\"},\"primaryImageOfPage\":{\"@id\":\"https:\/\/pitbikes.shop\/shop\/xfour-gantia-kid-agonistiki-seira-2023\/#primaryimage\"},\"image\":{\"@id\":\"https:\/\/pitbikes.shop\/shop\/xfour-gantia-kid-agonistiki-seira-2023\/#primaryimage\"},\"thumbnailUrl\":\"https:\/\/pitbikes.shop\/wp-content\/uploads\/2023\/07\/ASPHALT-GLOVES-FOR-KIDS-XFOUR-ORANGE-AND-FLUOR-YELLOW-2023.jpg\",\"datePublished\":\"2023-07-26T21:14:10+00:00\",\"dateModified\":\"2024-06-25T19:03:43+00:00\",\"description\":\"\u03a0\u03b1\u03b9\u03b4\u03b9\u03ba\u03ac \u03b1\u03b3\u03c9\u03bd\u03b9\u03c3\u03c4\u03b9\u03ba\u03ac \u0393\u03ac\u03bd\u03c4\u03b9\u03b1.\u039a\u03b1\u03c4\u03b1\u03c3\u03ba\u03b5\u03c5\u03ae \u03b1\u03c0\u03cc \u03b4\u03ad\u03c1\u03bc\u03b1 \u03b1\u03b3\u03b5\u03bb\u03ac\u03b4\u03b1\u03c2,\u03a0\u03c1\u03bf\u03c3\u03c4\u03b1\u03c3\u03af\u03b1 \u03b1\u03c0\u03cc Carbon \u03c3\u03b5 \u03cc\u03bb\u03b5\u03c2 \u03c4\u03b9\u03c2 \u03ba\u03bb\u03b5\u03b9\u03b4\u03ce\u03c3\u03b5\u03b9\u03c2 \u03c4\u03b7\u03c2 \u03c0\u03b1\u03bb\u03ac\u03bc\u03b7\u03c2,\u0395\u03bd\u03af\u03c3\u03c7\u03c5\u03c3\u03b7 \u03c0\u03b1\u03bb\u03ac\u03bc\u03b7\u03c2 PU \u03b3\u03b9\u03b1 \u03ba\u03b1\u03bb\u03cd\u03c4\u03b5\u03c1\u03bf \u03ba\u03c1\u03ac\u03c4\u03b7\u03bc\u03b1\",\"breadcrumb\":{\"@id\":\"https:\/\/pitbikes.shop\/shop\/xfour-gantia-kid-agonistiki-seira-2023\/#breadcrumb\"},\"inLanguage\":\"es\",\"potentialAction\":[{\"@type\":\"ReadAction\",\"target\":[\"https:\/\/pitbikes.shop\/shop\/xfour-gantia-kid-agonistiki-seira-2023\/\"]}]},{\"@type\":\"ImageObject\",\"inLanguage\":\"es\",\"@id\":\"https:\/\/pitbikes.shop\/shop\/xfour-gantia-kid-agonistiki-seira-2023\/#primaryimage\",\"url\":\"https:\/\/pitbikes.shop\/wp-content\/uploads\/2023\/07\/ASPHALT-GLOVES-FOR-KIDS-XFOUR-ORANGE-AND-FLUOR-YELLOW-2023.jpg\",\"contentUrl\":\"https:\/\/pitbikes.shop\/wp-content\/uploads\/2023\/07\/ASPHALT-GLOVES-FOR-KIDS-XFOUR-ORANGE-AND-FLUOR-YELLOW-2023.jpg\",\"width\":800,\"height\":800,\"caption\":\"ASPHALT GLOVES FOR KIDS XFOUR ORANGE AND FLUOR YELLOW 2023\"},{\"@type\":\"BreadcrumbList\",\"@id\":\"https:\/\/pitbikes.shop\/shop\/xfour-gantia-kid-agonistiki-seira-2023\/#breadcrumb\",\"itemListElement\":[{\"@type\":\"ListItem\",\"position\":1,\"name\":\"Home\",\"item\":\"https:\/\/pitbikes.shop\/\"},{\"@type\":\"ListItem\",\"position\":2,\"name\":\"\u0397\u03bb\u03b5\u03ba\u03c4\u03c1\u03bf\u03bd\u03b9\u03ba\u03cc \u039a\u03b1\u03c4\u03ac\u03c3\u03c4\u03b7\u03bc\u03b1\",\"item\":\"https:\/\/pitbikes.shop\/en\/shop\/\"},{\"@type\":\"ListItem\",\"position\":3,\"name\":\"Xfour \u0393\u03ac\u03bd\u03c4\u03b9\u03b1 Kid \u03b1\u03b3\u03c9\u03bd\u03b9\u03c3\u03c4\u03b9\u03ba\u03ae \u03c3\u03b5\u03b9\u03c1\u03ac 2023\"}]},{\"@type\":\"WebSite\",\"@id\":\"https:\/\/pitbikes.shop\/en\/#website\",\"url\":\"https:\/\/pitbikes.shop\/en\/\",\"name\":\"Pitbikes.shop\",\"description\":\"Pit bikes spare parts\",\"publisher\":{\"@id\":\"https:\/\/pitbikes.shop\/en\/#organization\"},\"potentialAction\":[{\"@type\":\"SearchAction\",\"target\":{\"@type\":\"EntryPoint\",\"urlTemplate\":\"https:\/\/pitbikes.shop\/en\/?s={search_term_string}\"},\"query-input\":{\"@type\":\"PropertyValueSpecification\",\"valueRequired\":true,\"valueName\":\"search_term_string\"}}],\"inLanguage\":\"es\"},{\"@type\":\"Organization\",\"@id\":\"https:\/\/pitbikes.shop\/en\/#organization\",\"name\":\"Pitbikes.shop\",\"url\":\"https:\/\/pitbikes.shop\/en\/\",\"logo\":{\"@type\":\"ImageObject\",\"inLanguage\":\"es\",\"@id\":\"https:\/\/pitbikes.shop\/en\/#\/schema\/logo\/image\/\",\"url\":\"https:\/\/pitbikes.shop\/wp-content\/uploads\/2022\/10\/logo.png\",\"contentUrl\":\"https:\/\/pitbikes.shop\/wp-content\/uploads\/2022\/10\/logo.png\",\"width\":1000,\"height\":326,\"caption\":\"Pitbikes.shop\"},\"image\":{\"@id\":\"https:\/\/pitbikes.shop\/en\/#\/schema\/logo\/image\/\"},\"sameAs\":[\"https:\/\/www.facebook.com\/pitbikes.shop\",\"https:\/\/www.instagram.com\/pitbikes.shop\/\",\"https:\/\/maps.app.goo.gl\/9PDdZziiEH11rzLo9\"],\"email\":\"info@pitbikes.shop\",\"telephone\":\"21 3044 9767\"}]}<\/script>\n<meta property=\"og:availability\" content=\"backorder\" \/>\n<meta property=\"product:availability\" content=\"available for order\" \/>\n<meta property=\"product:retailer_item_id\" content=\"xfour-gantia-kid-agonistiki-seira-2023\" \/>\n<meta property=\"product:condition\" content=\"new\" \/>\n<!-- \/ Yoast SEO Premium plugin. -->","yoast_head_json":{"title":"Guantes Xfour Ni\u00f1o racing series 2023 | Pitbikes.tienda","description":"Guantes de carreras para ni\u00f1os. Construcci\u00f3n de cuero de vaca, protecci\u00f3n de carbono en todas las palmas, refuerzo de PU en la palma para un mejor agarre.","robots":{"index":"index","follow":"follow","max-snippet":"max-snippet:-1","max-image-preview":"max-image-preview:large","max-video-preview":"max-video-preview:-1"},"canonical":"https:\/\/pitbikes.shop\/es\/comercio\/xfour-gantia-kid-agonistiki-seira-2023\/","og_locale":"es_ES","og_type":"article","og_title":"Xfour \u0393\u03ac\u03bd\u03c4\u03b9\u03b1 Kid \u03b1\u03b3\u03c9\u03bd\u03b9\u03c3\u03c4\u03b9\u03ba\u03ae \u03c3\u03b5\u03b9\u03c1\u03ac 2023","og_description":"\u03a0\u03b1\u03b9\u03b4\u03b9\u03ba\u03ac \u03b1\u03b3\u03c9\u03bd\u03b9\u03c3\u03c4\u03b9\u03ba\u03ac \u0393\u03ac\u03bd\u03c4\u03b9\u03b1.\u039a\u03b1\u03c4\u03b1\u03c3\u03ba\u03b5\u03c5\u03ae \u03b1\u03c0\u03cc \u03b4\u03ad\u03c1\u03bc\u03b1 \u03b1\u03b3\u03b5\u03bb\u03ac\u03b4\u03b1\u03c2,\u03a0\u03c1\u03bf\u03c3\u03c4\u03b1\u03c3\u03af\u03b1 \u03b1\u03c0\u03cc Carbon \u03c3\u03b5 \u03cc\u03bb\u03b5\u03c2 \u03c4\u03b9\u03c2 \u03ba\u03bb\u03b5\u03b9\u03b4\u03ce\u03c3\u03b5\u03b9\u03c2 \u03c4\u03b7\u03c2 \u03c0\u03b1\u03bb\u03ac\u03bc\u03b7\u03c2,\u0395\u03bd\u03af\u03c3\u03c7\u03c5\u03c3\u03b7 \u03c0\u03b1\u03bb\u03ac\u03bc\u03b7\u03c2 PU \u03b3\u03b9\u03b1 \u03ba\u03b1\u03bb\u03cd\u03c4\u03b5\u03c1\u03bf \u03ba\u03c1\u03ac\u03c4\u03b7\u03bc\u03b1","og_url":"https:\/\/pitbikes.shop\/es\/comercio\/xfour-gantia-kid-agonistiki-seira-2023\/","og_site_name":"Pitbikes.shop","article_publisher":"https:\/\/www.facebook.com\/pitbikes.shop","article_modified_time":"2024-06-25T19:03:43+00:00","og_image":[{"width":800,"height":800,"url":"https:\/\/pitbikes.shop\/wp-content\/uploads\/2023\/07\/ASPHALT-GLOVES-FOR-KIDS-XFOUR-ORANGE-AND-FLUOR-YELLOW-2023.jpg","type":"image\/jpeg"}],"twitter_card":"summary_large_image","twitter_misc":{"Disponibilidad":"Disponible para reservar"},"schema":{"@context":"https:\/\/schema.org","@graph":[{"@type":"WebPage","@id":"https:\/\/pitbikes.shop\/shop\/xfour-gantia-kid-agonistiki-seira-2023\/","url":"https:\/\/pitbikes.shop\/shop\/xfour-gantia-kid-agonistiki-seira-2023\/","name":"Guantes Xfour Ni\u00f1o racing series 2023 | Pitbikes.tienda","isPartOf":{"@id":"https:\/\/pitbikes.shop\/en\/#website"},"primaryImageOfPage":{"@id":"https:\/\/pitbikes.shop\/shop\/xfour-gantia-kid-agonistiki-seira-2023\/#primaryimage"},"image":{"@id":"https:\/\/pitbikes.shop\/shop\/xfour-gantia-kid-agonistiki-seira-2023\/#primaryimage"},"thumbnailUrl":"https:\/\/pitbikes.shop\/wp-content\/uploads\/2023\/07\/ASPHALT-GLOVES-FOR-KIDS-XFOUR-ORANGE-AND-FLUOR-YELLOW-2023.jpg","datePublished":"2023-07-26T21:14:10+00:00","dateModified":"2024-06-25T19:03:43+00:00","description":"Guantes de carreras para ni\u00f1os. Construcci\u00f3n de cuero de vaca, protecci\u00f3n de carbono en todas las palmas, refuerzo de PU en la palma para un mejor agarre.","breadcrumb":{"@id":"https:\/\/pitbikes.shop\/shop\/xfour-gantia-kid-agonistiki-seira-2023\/#breadcrumb"},"inLanguage":"es","potentialAction":[{"@type":"ReadAction","target":["https:\/\/pitbikes.shop\/shop\/xfour-gantia-kid-agonistiki-seira-2023\/"]}]},{"@type":"ImageObject","inLanguage":"es","@id":"https:\/\/pitbikes.shop\/shop\/xfour-gantia-kid-agonistiki-seira-2023\/#primaryimage","url":"https:\/\/pitbikes.shop\/wp-content\/uploads\/2023\/07\/ASPHALT-GLOVES-FOR-KIDS-XFOUR-ORANGE-AND-FLUOR-YELLOW-2023.jpg","contentUrl":"https:\/\/pitbikes.shop\/wp-content\/uploads\/2023\/07\/ASPHALT-GLOVES-FOR-KIDS-XFOUR-ORANGE-AND-FLUOR-YELLOW-2023.jpg","width":800,"height":800,"caption":"ASPHALT GLOVES FOR KIDS XFOUR ORANGE AND FLUOR YELLOW 2023"},{"@type":"BreadcrumbList","@id":"https:\/\/pitbikes.shop\/shop\/xfour-gantia-kid-agonistiki-seira-2023\/#breadcrumb","itemListElement":[{"@type":"ListItem","position":1,"name":"Home","item":"https:\/\/pitbikes.shop\/"},{"@type":"ListItem","position":2,"name":"\u0397\u03bb\u03b5\u03ba\u03c4\u03c1\u03bf\u03bd\u03b9\u03ba\u03cc \u039a\u03b1\u03c4\u03ac\u03c3\u03c4\u03b7\u03bc\u03b1","item":"https:\/\/pitbikes.shop\/en\/shop\/"},{"@type":"ListItem","position":3,"name":"Xfour \u0393\u03ac\u03bd\u03c4\u03b9\u03b1 Kid \u03b1\u03b3\u03c9\u03bd\u03b9\u03c3\u03c4\u03b9\u03ba\u03ae \u03c3\u03b5\u03b9\u03c1\u03ac 2023"}]},{"@type":"WebSite","@id":"https:\/\/pitbikes.shop\/en\/#website","url":"https:\/\/pitbikes.shop\/en\/","name":"Pitbikes.tienda","description":"repuestos para pitbikes","publisher":{"@id":"https:\/\/pitbikes.shop\/en\/#organization"},"potentialAction":[{"@type":"SearchAction","target":{"@type":"EntryPoint","urlTemplate":"https:\/\/pitbikes.shop\/en\/?s={search_term_string}"},"query-input":{"@type":"PropertyValueSpecification","valueRequired":true,"valueName":"search_term_string"}}],"inLanguage":"es"},{"@type":"Organization","@id":"https:\/\/pitbikes.shop\/en\/#organization","name":"Pitbikes.tienda","url":"https:\/\/pitbikes.shop\/en\/","logo":{"@type":"ImageObject","inLanguage":"es","@id":"https:\/\/pitbikes.shop\/en\/#\/schema\/logo\/image\/","url":"https:\/\/pitbikes.shop\/wp-content\/uploads\/2022\/10\/logo.png","contentUrl":"https:\/\/pitbikes.shop\/wp-content\/uploads\/2022\/10\/logo.png","width":1000,"height":326,"caption":"Pitbikes.shop"},"image":{"@id":"https:\/\/pitbikes.shop\/en\/#\/schema\/logo\/image\/"},"sameAs":["https:\/\/www.facebook.com\/pitbikes.shop","https:\/\/www.instagram.com\/pitbikes.shop\/","https:\/\/maps.app.goo.gl\/9PDdZziiEH11rzLo9"],"email":"info@pitbikes.shop","telephone":"21 3044 9767"}]},"og_availability":"backorder","product_availability":"available for order","product_retailer_item_id":"xfour-gantia-kid-agonistiki-seira-2023","product_condition":"new"},"_links":{"self":[{"href":"https:\/\/pitbikes.shop\/es\/wp-json\/wp\/v2\/product\/1857","targetHints":{"allow":["GET"]}}],"collection":[{"href":"https:\/\/pitbikes.shop\/es\/wp-json\/wp\/v2\/product"}],"about":[{"href":"https:\/\/pitbikes.shop\/es\/wp-json\/wp\/v2\/types\/product"}],"replies":[{"embeddable":true,"href":"https:\/\/pitbikes.shop\/es\/wp-json\/wp\/v2\/comments?post=1857"}],"wp:featuredmedia":[{"embeddable":true,"href":"https:\/\/pitbikes.shop\/es\/wp-json\/wp\/v2\/media\/1914"}],"wp:attachment":[{"href":"https:\/\/pitbikes.shop\/es\/wp-json\/wp\/v2\/media?parent=1857"}],"wp:term":[{"taxonomy":"product_brand","embeddable":true,"href":"https:\/\/pitbikes.shop\/es\/wp-json\/wp\/v2\/product_brand?post=1857"},{"taxonomy":"product_cat","embeddable":true,"href":"https:\/\/pitbikes.shop\/es\/wp-json\/wp\/v2\/product_cat?post=1857"},{"taxonomy":"product_tag","embeddable":true,"href":"https:\/\/pitbikes.shop\/es\/wp-json\/wp\/v2\/product_tag?post=1857"}],"curies":[{"name":"gracias","href":"https:\/\/api.w.org\/{rel}","templated":true}]}}