{"id":1787,"date":"2023-07-12T01:47:54","date_gmt":"2023-07-11T22:47:54","guid":{"rendered":"https:\/\/pitbikes.shop\/?post_type=product&#038;p=1787"},"modified":"2024-01-31T10:22:39","modified_gmt":"2024-01-31T08:22:39","slug":"pirelli-diablo-rosso-scooter-sc-12-set","status":"publish","type":"product","link":"https:\/\/pitbikes.shop\/it\/shop\/pirelli-diablo-rosso-scooter-sc-12-set\/","title":{"rendered":"Set Scooter Pirelli Diablo Rosso SC 12\u201d."},"content":{"rendered":"<p>Uno straordinario pneumatico Pirelli con un ottimo grip e un telaio morbido. Poich\u00e9 ha un telaio morbido non \u00e8 necessario avere termocoperte perch\u00e9 raggiungono rapidamente la temperatura di esercizio desiderata.<\/p>\n<p>Le pressioni consigliate da Pirelli sono:<\/p>\n<ul>\n<li>Anteriore 100\/90-12<\/li>\n<li>Freddo 15-17 psi (1,03 bar-1,17 bar)<\/li>\n<li>Con coperta dopo 30 minuti 18-20psi (1,20bar-1,37bar)<\/li>\n<li>Posteriore 120\/80-12<\/li>\n<li>Freddo 16-18 psi (1,10 bar-1,24 bar)<\/li>\n<li>Con coperta dopo 30 minuti 20-22psi (1,37bar-1,51bar)<\/li>\n<\/ul>","protected":false},"excerpt":{"rendered":"<p>\u0388\u03bd\u03b1 \u03b5\u03ba\u03c0\u03bb\u03b7\u03ba\u03c4\u03b9\u03ba\u03cc \u03b5\u03bb\u03b1\u03c3\u03c4\u03b9\u03ba\u03cc \u03c4\u03b7\u03c2 Pirelli \u03bc\u03b5 \u03c0\u03bf\u03bb\u03cd \u03ba\u03b1\u03bb\u03cc \u03b3\u03ba\u03c1\u03b9\u03c0 \u03ba\u03b1\u03b9 \u03bc\u03b1\u03bb\u03b1\u03ba\u03cc \u03c3\u03ba\u03b5\u03bb\u03b5\u03c4\u03cc.\u039b\u03cc\u03b3\u03c9 \u03cc\u03c4\u03b9 \u03ad\u03c7\u03b5\u03b9 \u03bc\u03b1\u03bb\u03b1\u03ba\u03cc \u03c3\u03ba\u03b5\u03bb\u03b5\u03c4\u03cc \u03b4\u03b5\u03bd \u03c7\u03c1\u03b5\u03b9\u03ac\u03b6\u03b5\u03c4\u03b1\u03b9 \u03bd\u03b1 \u03ad\u03c7\u03b5\u03b9\u03c2 \u03b7\u03bb\u03b5\u03ba\u03c4\u03c1\u03b9\u03ba\u03ad\u03c2 \u03ba\u03bf\u03c5\u03b2\u03ad\u03c1\u03c4\u03b5\u03c2 \u03b3\u03b9\u03b1\u03c4\u03af \u03ad\u03c1\u03c7\u03bf\u03bd\u03c4\u03b1\u03b9 \u03c3\u03c4\u03b7\u03bd \u03b5\u03c0\u03b9\u03b8\u03c5\u03bc\u03b7\u03c4\u03ae \u03b8\u03b5\u03c1\u03bc\u03bf\u03ba\u03c1\u03b1\u03c3\u03af\u03b1 \u03bb\u03b5\u03b9\u03c4\u03bf\u03c5\u03c1\u03b3\u03af\u03b1\u03c2 \u03b3\u03c1\u03ae\u03b3\u03bf\u03c1\u03b1. \u039f\u03b9 \u03a0\u03b9\u03ad\u03c3\u03b5\u03b9\u03c2 \u03c0\u03bf\u03c5 \u03c0\u03c1\u03bf\u03c4\u03b5\u03af\u03bd\u03b5\u03b9 \u03b7 Pirelli \u03b5\u03af\u03bd\u03b1\u03b9: \u0395\u03bc\u03c0\u03c1\u03cc\u03c2 100\/90-12 \u039a\u03c1\u03cd\u03b1 15-17psi (1, 03bar-1, 17bar) \u039c\u03b5 \u03ba\u03bf\u03c5\u03b2\u03ad\u03c1\u03c4\u03b1 \u03bc\u03b5\u03c4\u03ac \u03b1\u03c0\u03cc 30\u03bb\u03b5\u03c0\u03c4\u03b1 18-20psi (1, 20bar-1, 37bar) \u03a0\u03af\u03c3\u03c9 120\/80-12 \u039a\u03c1\u03cd\u03b1 [&hellip;]<\/p>\n","protected":false},"featured_media":1788,"comment_status":"open","ping_status":"closed","template":"","meta":{"site-sidebar-layout":"default","site-content-layout":"default","ast-site-content-layout":"default","site-content-style":"default","site-sidebar-style":"default","ast-global-header-display":"","ast-banner-title-visibility":"","ast-main-header-display":"","ast-hfb-above-header-display":"","ast-hfb-below-header-display":"","ast-hfb-mobile-header-display":"","site-post-title":"","ast-breadcrumbs-content":"","ast-featured-img":"","footer-sml-layout":"","ast-disable-related-posts":"","theme-transparent-header-meta":"default","adv-header-id-meta":"","stick-header-meta":"default","header-above-stick-meta":"","header-main-stick-meta":"","header-below-stick-meta":"","astra-migrate-meta-layouts":"set","ast-page-background-enabled":"default","ast-page-background-meta":{"desktop":{"background-color":"var(--ast-global-color-4)","background-image":"","background-repeat":"repeat","background-position":"center center","background-size":"auto","background-attachment":"scroll","background-type":"","background-media":"","overlay-type":"","overlay-color":"","overlay-opacity":"","overlay-gradient":""},"tablet":{"background-color":"","background-image":"","background-repeat":"repeat","background-position":"center center","background-size":"auto","background-attachment":"scroll","background-type":"","background-media":"","overlay-type":"","overlay-color":"","overlay-opacity":"","overlay-gradient":""},"mobile":{"background-color":"","background-image":"","background-repeat":"repeat","background-position":"center center","background-size":"auto","background-attachment":"scroll","background-type":"","background-media":"","overlay-type":"","overlay-color":"","overlay-opacity":"","overlay-gradient":""}},"ast-content-background-meta":{"desktop":{"background-color":"var(--ast-global-color-5)","background-image":"","background-repeat":"repeat","background-position":"center center","background-size":"auto","background-attachment":"scroll","background-type":"","background-media":"","overlay-type":"","overlay-color":"","overlay-opacity":"","overlay-gradient":""},"tablet":{"background-color":"var(--ast-global-color-5)","background-image":"","background-repeat":"repeat","background-position":"center center","background-size":"auto","background-attachment":"scroll","background-type":"","background-media":"","overlay-type":"","overlay-color":"","overlay-opacity":"","overlay-gradient":""},"mobile":{"background-color":"var(--ast-global-color-5)","background-image":"","background-repeat":"repeat","background-position":"center center","background-size":"auto","background-attachment":"scroll","background-type":"","background-media":"","overlay-type":"","overlay-color":"","overlay-opacity":"","overlay-gradient":""}}},"product_brand":[],"product_cat":[103],"product_tag":[157],"class_list":{"0":"post-1787","1":"product","2":"type-product","3":"status-publish","4":"has-post-thumbnail","6":"product_cat-tyres","7":"product_tag-mayro","8":"product_shipping_class-lasticha-plastika","9":"desktop-align-center","10":"tablet-align-center","11":"mobile-align-center","12":"ast-product-gallery-layout-horizontal-slider","13":"ast-product-gallery-with-no-image","14":"ast-product-tabs-layout-horizontal","16":"first","17":"instock","18":"shipping-taxable","19":"product-type-simple"},"yoast_head":"<!-- This site is optimized with the Yoast SEO Premium plugin v27.0 (Yoast SEO v27.0) - https:\/\/yoast.com\/product\/yoast-seo-premium-wordpress\/ -->\n<title>Pirelli Diablo Rosso Scooter SC 12&#039;&#039; Set | Pitbikes.shop<\/title>\n<meta name=\"description\" content=\"\u0388\u03bd\u03b1 \u03b5\u03ba\u03c0\u03bb\u03b7\u03ba\u03c4\u03b9\u03ba\u03cc \u03b5\u03bb\u03b1\u03c3\u03c4\u03b9\u03ba\u03cc \u03c4\u03b7\u03c2 Pirelli \u03bc\u03b5 \u03c0\u03bf\u03bb\u03cd \u03ba\u03b1\u03bb\u03cc \u03b3\u03ba\u03c1\u03b9\u03c0 \u03ba\u03b1\u03b9 \u03bc\u03b1\u03bb\u03b1\u03ba\u03cc \u03c3\u03ba\u03b5\u03bb\u03b5\u03c4\u03cc.\u039b\u03cc\u03b3\u03c9 \u03cc\u03c4\u03b9 \u03ad\u03c7\u03b5\u03b9 \u03bc\u03b1\u03bb\u03b1\u03ba\u03cc \u03c3\u03ba\u03b5\u03bb\u03b5\u03c4\u03cc \u03b4\u03b5\u03bd \u03c7\u03c1\u03b5\u03b9\u03ac\u03b6\u03b5\u03c4\u03b1\u03b9 \u03bd\u03b1 \u03ad\u03c7\u03b5\u03b9\u03c2 \u03b7\u03bb\u03b5\u03ba\u03c4\u03c1\u03b9\u03ba\u03ad\u03c2 \u03ba\u03bf\u03c5\u03b2\u03ad\u03c1\u03c4\u03b5\u03c2 \u03b3\u03b9\u03b1\u03c4\u03af\" \/>\n<meta name=\"robots\" content=\"index, follow, max-snippet:-1, max-image-preview:large, max-video-preview:-1\" \/>\n<link rel=\"canonical\" href=\"https:\/\/pitbikes.shop\/it\/negozio\/pirelli-diablo-rosso-scooter-sc-12-set\/\" \/>\n<meta property=\"og:locale\" content=\"it_IT\" \/>\n<meta property=\"og:type\" content=\"article\" \/>\n<meta property=\"og:title\" content=\"Pirelli Diablo Rosso Scooter SC 12&#039;&#039; Set\" \/>\n<meta property=\"og:description\" content=\"\u0388\u03bd\u03b1 \u03b5\u03ba\u03c0\u03bb\u03b7\u03ba\u03c4\u03b9\u03ba\u03cc \u03b5\u03bb\u03b1\u03c3\u03c4\u03b9\u03ba\u03cc \u03c4\u03b7\u03c2 Pirelli \u03bc\u03b5 \u03c0\u03bf\u03bb\u03cd \u03ba\u03b1\u03bb\u03cc \u03b3\u03ba\u03c1\u03b9\u03c0 \u03ba\u03b1\u03b9 \u03bc\u03b1\u03bb\u03b1\u03ba\u03cc \u03c3\u03ba\u03b5\u03bb\u03b5\u03c4\u03cc.\u039b\u03cc\u03b3\u03c9 \u03cc\u03c4\u03b9 \u03ad\u03c7\u03b5\u03b9 \u03bc\u03b1\u03bb\u03b1\u03ba\u03cc \u03c3\u03ba\u03b5\u03bb\u03b5\u03c4\u03cc \u03b4\u03b5\u03bd \u03c7\u03c1\u03b5\u03b9\u03ac\u03b6\u03b5\u03c4\u03b1\u03b9 \u03bd\u03b1 \u03ad\u03c7\u03b5\u03b9\u03c2 \u03b7\u03bb\u03b5\u03ba\u03c4\u03c1\u03b9\u03ba\u03ad\u03c2 \u03ba\u03bf\u03c5\u03b2\u03ad\u03c1\u03c4\u03b5\u03c2 \u03b3\u03b9\u03b1\u03c4\u03af\" \/>\n<meta property=\"og:url\" content=\"https:\/\/pitbikes.shop\/it\/negozio\/pirelli-diablo-rosso-scooter-sc-12-set\/\" \/>\n<meta property=\"og:site_name\" content=\"Pitbikes.shop\" \/>\n<meta property=\"article:publisher\" content=\"https:\/\/www.facebook.com\/pitbikes.shop\" \/>\n<meta property=\"article:modified_time\" content=\"2024-01-31T08:22:39+00:00\" \/>\n<meta property=\"og:image\" content=\"https:\/\/pitbikes.shop\/wp-content\/uploads\/2023\/07\/Diablo-Rosso-Scooter-Pitbike.png\" \/>\n\t<meta property=\"og:image:width\" content=\"696\" \/>\n\t<meta property=\"og:image:height\" content=\"464\" \/>\n\t<meta property=\"og:image:type\" content=\"image\/png\" \/>\n<meta name=\"twitter:card\" content=\"summary_large_image\" \/>\n<meta name=\"twitter:label1\" content=\"Prezzo\" \/>\n\t<meta name=\"twitter:data1\" content=\"\" \/>\n\t<meta name=\"twitter:label2\" content=\"Disponibilit\u00e0\" \/>\n\t<meta name=\"twitter:data2\" content=\"In stock\" \/>\n<script type=\"application\/ld+json\" class=\"yoast-schema-graph\">{\"@context\":\"https:\/\/schema.org\",\"@graph\":[{\"@type\":\"WebPage\",\"@id\":\"https:\/\/pitbikes.shop\/en\/shop\/pirelli-diablo-rosso-scooter-sc-12-set\/\",\"url\":\"https:\/\/pitbikes.shop\/en\/shop\/pirelli-diablo-rosso-scooter-sc-12-set\/\",\"name\":\"Pirelli Diablo Rosso Scooter SC 12'' Set | Pitbikes.shop\",\"isPartOf\":{\"@id\":\"https:\/\/pitbikes.shop\/en\/#website\"},\"primaryImageOfPage\":{\"@id\":\"https:\/\/pitbikes.shop\/en\/shop\/pirelli-diablo-rosso-scooter-sc-12-set\/#primaryimage\"},\"image\":{\"@id\":\"https:\/\/pitbikes.shop\/en\/shop\/pirelli-diablo-rosso-scooter-sc-12-set\/#primaryimage\"},\"thumbnailUrl\":\"https:\/\/pitbikes.shop\/wp-content\/uploads\/2023\/07\/Diablo-Rosso-Scooter-Pitbike.png\",\"datePublished\":\"2023-07-11T22:47:54+00:00\",\"dateModified\":\"2024-01-31T08:22:39+00:00\",\"description\":\"\u0388\u03bd\u03b1 \u03b5\u03ba\u03c0\u03bb\u03b7\u03ba\u03c4\u03b9\u03ba\u03cc \u03b5\u03bb\u03b1\u03c3\u03c4\u03b9\u03ba\u03cc \u03c4\u03b7\u03c2 Pirelli \u03bc\u03b5 \u03c0\u03bf\u03bb\u03cd \u03ba\u03b1\u03bb\u03cc \u03b3\u03ba\u03c1\u03b9\u03c0 \u03ba\u03b1\u03b9 \u03bc\u03b1\u03bb\u03b1\u03ba\u03cc \u03c3\u03ba\u03b5\u03bb\u03b5\u03c4\u03cc.\u039b\u03cc\u03b3\u03c9 \u03cc\u03c4\u03b9 \u03ad\u03c7\u03b5\u03b9 \u03bc\u03b1\u03bb\u03b1\u03ba\u03cc \u03c3\u03ba\u03b5\u03bb\u03b5\u03c4\u03cc \u03b4\u03b5\u03bd \u03c7\u03c1\u03b5\u03b9\u03ac\u03b6\u03b5\u03c4\u03b1\u03b9 \u03bd\u03b1 \u03ad\u03c7\u03b5\u03b9\u03c2 \u03b7\u03bb\u03b5\u03ba\u03c4\u03c1\u03b9\u03ba\u03ad\u03c2 \u03ba\u03bf\u03c5\u03b2\u03ad\u03c1\u03c4\u03b5\u03c2 \u03b3\u03b9\u03b1\u03c4\u03af\",\"breadcrumb\":{\"@id\":\"https:\/\/pitbikes.shop\/en\/shop\/pirelli-diablo-rosso-scooter-sc-12-set\/#breadcrumb\"},\"inLanguage\":\"it-IT\",\"potentialAction\":[{\"@type\":\"ReadAction\",\"target\":[\"https:\/\/pitbikes.shop\/en\/shop\/pirelli-diablo-rosso-scooter-sc-12-set\/\"]}]},{\"@type\":\"ImageObject\",\"inLanguage\":\"it-IT\",\"@id\":\"https:\/\/pitbikes.shop\/en\/shop\/pirelli-diablo-rosso-scooter-sc-12-set\/#primaryimage\",\"url\":\"https:\/\/pitbikes.shop\/wp-content\/uploads\/2023\/07\/Diablo-Rosso-Scooter-Pitbike.png\",\"contentUrl\":\"https:\/\/pitbikes.shop\/wp-content\/uploads\/2023\/07\/Diablo-Rosso-Scooter-Pitbike.png\",\"width\":696,\"height\":464,\"caption\":\"#image_title\"},{\"@type\":\"BreadcrumbList\",\"@id\":\"https:\/\/pitbikes.shop\/en\/shop\/pirelli-diablo-rosso-scooter-sc-12-set\/#breadcrumb\",\"itemListElement\":[{\"@type\":\"ListItem\",\"position\":1,\"name\":\"Home\",\"item\":\"https:\/\/pitbikes.shop\/\"},{\"@type\":\"ListItem\",\"position\":2,\"name\":\"\u0397\u03bb\u03b5\u03ba\u03c4\u03c1\u03bf\u03bd\u03b9\u03ba\u03cc \u039a\u03b1\u03c4\u03ac\u03c3\u03c4\u03b7\u03bc\u03b1\",\"item\":\"https:\/\/pitbikes.shop\/en\/shop\/\"},{\"@type\":\"ListItem\",\"position\":3,\"name\":\"Pirelli Diablo Rosso Scooter SC 12&#8221; Set\"}]},{\"@type\":\"WebSite\",\"@id\":\"https:\/\/pitbikes.shop\/en\/#website\",\"url\":\"https:\/\/pitbikes.shop\/en\/\",\"name\":\"Pitbikes.shop\",\"description\":\"Pit bikes spare parts\",\"publisher\":{\"@id\":\"https:\/\/pitbikes.shop\/en\/#organization\"},\"potentialAction\":[{\"@type\":\"SearchAction\",\"target\":{\"@type\":\"EntryPoint\",\"urlTemplate\":\"https:\/\/pitbikes.shop\/en\/?s={search_term_string}\"},\"query-input\":{\"@type\":\"PropertyValueSpecification\",\"valueRequired\":true,\"valueName\":\"search_term_string\"}}],\"inLanguage\":\"it-IT\"},{\"@type\":\"Organization\",\"@id\":\"https:\/\/pitbikes.shop\/en\/#organization\",\"name\":\"Pitbikes.shop\",\"url\":\"https:\/\/pitbikes.shop\/en\/\",\"logo\":{\"@type\":\"ImageObject\",\"inLanguage\":\"it-IT\",\"@id\":\"https:\/\/pitbikes.shop\/en\/#\/schema\/logo\/image\/\",\"url\":\"https:\/\/pitbikes.shop\/wp-content\/uploads\/2022\/10\/logo.png\",\"contentUrl\":\"https:\/\/pitbikes.shop\/wp-content\/uploads\/2022\/10\/logo.png\",\"width\":1000,\"height\":326,\"caption\":\"Pitbikes.shop\"},\"image\":{\"@id\":\"https:\/\/pitbikes.shop\/en\/#\/schema\/logo\/image\/\"},\"sameAs\":[\"https:\/\/www.facebook.com\/pitbikes.shop\",\"https:\/\/www.instagram.com\/pitbikes.shop\/\",\"https:\/\/maps.app.goo.gl\/9PDdZziiEH11rzLo9\"],\"email\":\"info@pitbikes.shop\",\"telephone\":\"21 3044 9767\"}]}<\/script>\n<meta property=\"product:price:currency\" content=\"EUR\" \/>\n<meta property=\"og:availability\" content=\"instock\" \/>\n<meta property=\"product:availability\" content=\"instock\" \/>\n<meta property=\"product:retailer_item_id\" content=\"pirelli-diablo-rosso-scooter-sc-12-set\" \/>\n<meta property=\"product:condition\" content=\"new\" \/>\n<!-- \/ Yoast SEO Premium plugin. -->","yoast_head_json":{"title":"Pirelli Diablo Rosso Scooter SC 12&#039;&#039; Set | Pitbikes.shop","description":"Uno straordinario pneumatico Pirelli con un&#039;ottima aderenza e un telaio morbido Poich\u00e9 ha un telaio morbido non \u00e8 necessario avere coperte elettriche","robots":{"index":"index","follow":"follow","max-snippet":"max-snippet:-1","max-image-preview":"max-image-preview:large","max-video-preview":"max-video-preview:-1"},"canonical":"https:\/\/pitbikes.shop\/it\/negozio\/pirelli-diablo-rosso-scooter-sc-12-set\/","og_locale":"it_IT","og_type":"article","og_title":"Pirelli Diablo Rosso Scooter SC 12'' Set","og_description":"\u0388\u03bd\u03b1 \u03b5\u03ba\u03c0\u03bb\u03b7\u03ba\u03c4\u03b9\u03ba\u03cc \u03b5\u03bb\u03b1\u03c3\u03c4\u03b9\u03ba\u03cc \u03c4\u03b7\u03c2 Pirelli \u03bc\u03b5 \u03c0\u03bf\u03bb\u03cd \u03ba\u03b1\u03bb\u03cc \u03b3\u03ba\u03c1\u03b9\u03c0 \u03ba\u03b1\u03b9 \u03bc\u03b1\u03bb\u03b1\u03ba\u03cc \u03c3\u03ba\u03b5\u03bb\u03b5\u03c4\u03cc.\u039b\u03cc\u03b3\u03c9 \u03cc\u03c4\u03b9 \u03ad\u03c7\u03b5\u03b9 \u03bc\u03b1\u03bb\u03b1\u03ba\u03cc \u03c3\u03ba\u03b5\u03bb\u03b5\u03c4\u03cc \u03b4\u03b5\u03bd \u03c7\u03c1\u03b5\u03b9\u03ac\u03b6\u03b5\u03c4\u03b1\u03b9 \u03bd\u03b1 \u03ad\u03c7\u03b5\u03b9\u03c2 \u03b7\u03bb\u03b5\u03ba\u03c4\u03c1\u03b9\u03ba\u03ad\u03c2 \u03ba\u03bf\u03c5\u03b2\u03ad\u03c1\u03c4\u03b5\u03c2 \u03b3\u03b9\u03b1\u03c4\u03af","og_url":"https:\/\/pitbikes.shop\/it\/negozio\/pirelli-diablo-rosso-scooter-sc-12-set\/","og_site_name":"Pitbikes.shop","article_publisher":"https:\/\/www.facebook.com\/pitbikes.shop","article_modified_time":"2024-01-31T08:22:39+00:00","og_image":[{"width":696,"height":464,"url":"https:\/\/pitbikes.shop\/wp-content\/uploads\/2023\/07\/Diablo-Rosso-Scooter-Pitbike.png","type":"image\/png"}],"twitter_card":"summary_large_image","twitter_misc":{"Prezzo":"","Disponibilit\u00e0":"In stock"},"schema":{"@context":"https:\/\/schema.org","@graph":[{"@type":"WebPage","@id":"https:\/\/pitbikes.shop\/en\/shop\/pirelli-diablo-rosso-scooter-sc-12-set\/","url":"https:\/\/pitbikes.shop\/en\/shop\/pirelli-diablo-rosso-scooter-sc-12-set\/","name":"Pirelli Diablo Rosso Scooter SC 12&#039;&#039; Set | Pitbikes.shop","isPartOf":{"@id":"https:\/\/pitbikes.shop\/en\/#website"},"primaryImageOfPage":{"@id":"https:\/\/pitbikes.shop\/en\/shop\/pirelli-diablo-rosso-scooter-sc-12-set\/#primaryimage"},"image":{"@id":"https:\/\/pitbikes.shop\/en\/shop\/pirelli-diablo-rosso-scooter-sc-12-set\/#primaryimage"},"thumbnailUrl":"https:\/\/pitbikes.shop\/wp-content\/uploads\/2023\/07\/Diablo-Rosso-Scooter-Pitbike.png","datePublished":"2023-07-11T22:47:54+00:00","dateModified":"2024-01-31T08:22:39+00:00","description":"Uno straordinario pneumatico Pirelli con un&#039;ottima aderenza e un telaio morbido Poich\u00e9 ha un telaio morbido non \u00e8 necessario avere coperte elettriche","breadcrumb":{"@id":"https:\/\/pitbikes.shop\/en\/shop\/pirelli-diablo-rosso-scooter-sc-12-set\/#breadcrumb"},"inLanguage":"it-IT","potentialAction":[{"@type":"ReadAction","target":["https:\/\/pitbikes.shop\/en\/shop\/pirelli-diablo-rosso-scooter-sc-12-set\/"]}]},{"@type":"ImageObject","inLanguage":"it-IT","@id":"https:\/\/pitbikes.shop\/en\/shop\/pirelli-diablo-rosso-scooter-sc-12-set\/#primaryimage","url":"https:\/\/pitbikes.shop\/wp-content\/uploads\/2023\/07\/Diablo-Rosso-Scooter-Pitbike.png","contentUrl":"https:\/\/pitbikes.shop\/wp-content\/uploads\/2023\/07\/Diablo-Rosso-Scooter-Pitbike.png","width":696,"height":464,"caption":"#image_title"},{"@type":"BreadcrumbList","@id":"https:\/\/pitbikes.shop\/en\/shop\/pirelli-diablo-rosso-scooter-sc-12-set\/#breadcrumb","itemListElement":[{"@type":"ListItem","position":1,"name":"Home","item":"https:\/\/pitbikes.shop\/"},{"@type":"ListItem","position":2,"name":"\u0397\u03bb\u03b5\u03ba\u03c4\u03c1\u03bf\u03bd\u03b9\u03ba\u03cc \u039a\u03b1\u03c4\u03ac\u03c3\u03c4\u03b7\u03bc\u03b1","item":"https:\/\/pitbikes.shop\/en\/shop\/"},{"@type":"ListItem","position":3,"name":"Pirelli Diablo Rosso Scooter SC 12&#8221; Set"}]},{"@type":"WebSite","@id":"https:\/\/pitbikes.shop\/en\/#website","url":"https:\/\/pitbikes.shop\/en\/","name":"Pitbikes.shop","description":"Ricambi per pit bike","publisher":{"@id":"https:\/\/pitbikes.shop\/en\/#organization"},"potentialAction":[{"@type":"SearchAction","target":{"@type":"EntryPoint","urlTemplate":"https:\/\/pitbikes.shop\/en\/?s={search_term_string}"},"query-input":{"@type":"PropertyValueSpecification","valueRequired":true,"valueName":"search_term_string"}}],"inLanguage":"it-IT"},{"@type":"Organization","@id":"https:\/\/pitbikes.shop\/en\/#organization","name":"Pitbikes.shop","url":"https:\/\/pitbikes.shop\/en\/","logo":{"@type":"ImageObject","inLanguage":"it-IT","@id":"https:\/\/pitbikes.shop\/en\/#\/schema\/logo\/image\/","url":"https:\/\/pitbikes.shop\/wp-content\/uploads\/2022\/10\/logo.png","contentUrl":"https:\/\/pitbikes.shop\/wp-content\/uploads\/2022\/10\/logo.png","width":1000,"height":326,"caption":"Pitbikes.shop"},"image":{"@id":"https:\/\/pitbikes.shop\/en\/#\/schema\/logo\/image\/"},"sameAs":["https:\/\/www.facebook.com\/pitbikes.shop","https:\/\/www.instagram.com\/pitbikes.shop\/","https:\/\/maps.app.goo.gl\/9PDdZziiEH11rzLo9"],"email":"info@pitbikes.shop","telephone":"21 3044 9767"}]},"product_price_currency":"EUR","og_availability":"instock","product_availability":"instock","product_retailer_item_id":"pirelli-diablo-rosso-scooter-sc-12-set","product_condition":"new"},"_links":{"self":[{"href":"https:\/\/pitbikes.shop\/it\/wp-json\/wp\/v2\/product\/1787","targetHints":{"allow":["GET"]}}],"collection":[{"href":"https:\/\/pitbikes.shop\/it\/wp-json\/wp\/v2\/product"}],"about":[{"href":"https:\/\/pitbikes.shop\/it\/wp-json\/wp\/v2\/types\/product"}],"replies":[{"embeddable":true,"href":"https:\/\/pitbikes.shop\/it\/wp-json\/wp\/v2\/comments?post=1787"}],"wp:featuredmedia":[{"embeddable":true,"href":"https:\/\/pitbikes.shop\/it\/wp-json\/wp\/v2\/media\/1788"}],"wp:attachment":[{"href":"https:\/\/pitbikes.shop\/it\/wp-json\/wp\/v2\/media?parent=1787"}],"wp:term":[{"taxonomy":"product_brand","embeddable":true,"href":"https:\/\/pitbikes.shop\/it\/wp-json\/wp\/v2\/product_brand?post=1787"},{"taxonomy":"product_cat","embeddable":true,"href":"https:\/\/pitbikes.shop\/it\/wp-json\/wp\/v2\/product_cat?post=1787"},{"taxonomy":"product_tag","embeddable":true,"href":"https:\/\/pitbikes.shop\/it\/wp-json\/wp\/v2\/product_tag?post=1787"}],"curies":[{"name":"parola chiave","href":"https:\/\/api.w.org\/{rel}","templated":true}]}}